{"id":893,"date":"2022-10-19T12:40:02","date_gmt":"2022-10-19T10:40:02","guid":{"rendered":"https:\/\/teknopress.se\/why-thermosets\/"},"modified":"2022-11-29T14:52:13","modified_gmt":"2022-11-29T13:52:13","slug":"why-thermosets","status":"publish","type":"page","link":"https:\/\/teknopress.se\/en\/why-thermosets\/","title":{"rendered":"Why Thermosets?"},"content":{"rendered":"\n\t<section class=\"section dark\" id=\"section_1729104524\">\n\t\t<div class=\"bg section-bg fill bg-fill  \" >\n\n\t\t\t\n\t\t\t<div class=\"section-bg-overlay absolute fill\"><\/div>\n\t\t\t\n\n\t\t<\/div>\n\n\t\t\n\n\t\t<div class=\"section-content relative\">\n\t\t\t\n\n<div class=\"row align-center\"  id=\"row-805551468\">\n\n\n\t<div id=\"col-196279578\" class=\"col no_padding_below medium-7 small-9 large-7\"  >\n\t\t\t\t<div class=\"col-inner text-center\"  >\n\t\t\t\n\t\t\t\n\n<h1 style=\"font-size:42px;\" class=\"uppercase\">Why Thermosets?<\/h1>\n\n\t\t<\/div>\n\t\t\t\t\t<\/div>\n\n\t\n\n<\/div>\n\n\t\t<\/div>\n\n\t\t\n<style>\n#section_1729104524 {\n  padding-top: 100px;\n  padding-bottom: 100px;\n  min-height: 350px;\n}\n#section_1729104524 .section-bg-overlay {\n  background-color: rgba(0,0,0,.5);\n}\n#section_1729104524 .section-bg.bg-loaded {\n  background-image: url(https:\/\/teknopress.se\/wp-content\/uploads\/2022\/09\/IMG_7345.jpg);\n}\n#section_1729104524 .section-bg {\n  background-position: 39% 36%;\n}\n#section_1729104524 .ux-shape-divider--top svg {\n  height: 150px;\n  --divider-top-width: 100%;\n}\n#section_1729104524 .ux-shape-divider--bottom svg {\n  height: 150px;\n  --divider-width: 100%;\n}\n@media (min-width:550px) {\n  #section_1729104524 {\n    padding-top: 140px;\n    padding-bottom: 140px;\n  }\n}\n@media (min-width:850px) {\n  #section_1729104524 {\n    padding-top: 100px;\n    padding-bottom: 100px;\n  }\n}\n<\/style>\n\t<\/section>\n\t\n\t<section class=\"section\" id=\"section_175402878\">\n\t\t<div class=\"bg section-bg fill bg-fill  bg-loaded\" >\n\n\t\t\t\n\t\t\t\n\t\t\t\n\n\t\t<\/div>\n\n\t\t\n\n\t\t<div class=\"section-content relative\">\n\t\t\t\n\n<div class=\"row\"  id=\"row-1225871650\">\n\n\n\t<div id=\"col-960184135\" class=\"col no_padding_below small-12 large-12\"  >\n\t\t\t\t<div class=\"col-inner\"  >\n\t\t\t\n\t\t\t\n\n\t<div id=\"gap-1307877338\" class=\"gap-element clearfix\" style=\"display:block; height:auto;\">\n\t\t\n<style>\n#gap-1307877338 {\n  padding-top: 40px;\n}\n<\/style>\n\t<\/div>\n\t\n\n\t<div id=\"text-3068971183\" class=\"text\">\n\t\t\n\n<h2>Largest in Sweden within thermoset plastics<\/h2>\n\t\t\n<style>\n#text-3068971183 {\n  font-size: 1.3rem;\n}\n<\/style>\n\t<\/div>\n\t\n\n\t\t<\/div>\n\t\t\t\t\t<\/div>\n\n\t\n\n\n<style>\n#row-1225871650 > .col > .col-inner {\n  padding: 0px 0px 8px 0px;\n}\n<\/style>\n<\/div>\n<div class=\"row align-right\"  id=\"row-1847023244\">\n\n\n\t<div id=\"col-835605102\" class=\"col small-12 large-12\"  >\n\t\t\t\t<div class=\"col-inner\"  >\n\t\t\t\n\t\t\t\n\n<p>Today, Teknopress is the largest in Sweden in injection-molded, compression molded and RTM-manufactured thermoset parts in glass fiber reinforced polyester as well as vinyl ester SMC, BMC, GMT, Melamine, Phenol, Epoxy and carbon fiber SMC. <\/p>\n\n\t\t<\/div>\n\t\t\t\t\t<\/div>\n\n\t\n\n<\/div>\n<div class=\"row align-middle\"  id=\"row-1327752891\">\n\n\n\t<div id=\"col-523142162\" class=\"col medium-6 small-12 large-6\"  >\n\t\t\t\t<div class=\"col-inner\"  >\n\t\t\t\n\t\t\t\n\n<h2>Why thermosets?<\/h2>\n<p>Thermosets are the best competitive option for many applications today due to the following properties:<\/p>\n<ul>\n<li>Very good fire and heat resistance<\/li>\n<li>Easy design flexibility; the components can thus be produced in irregular shapes, different parts and designs.<\/li>\n<li>Corrosion resistant<\/li>\n<li>A density of polymers that is much less than e.g. steel, aluminum etc. which means they have a low weight.<\/li>\n<li>An excellent durability regardless of the environment they are in.<\/li>\n<li>Better alternative than metal or thermoplastic for many applications.<\/li>\n<\/ul>\n\n\t\t<\/div>\n\t\t\t\t\t<\/div>\n\n\t\n\n\t<div id=\"col-812988623\" class=\"col medium-6 small-12 large-6\"  >\n\t\t\t\t<div class=\"col-inner\"  >\n\t\t\t\n\t\t\t\n\n\t<div class=\"img has-hover x md-x lg-x y md-y lg-y\" id=\"image_1377282357\">\n\t\t\t\t\t\t\t\t<div class=\"img-inner dark\" >\n\t\t\t<img loading=\"lazy\" decoding=\"async\" width=\"1020\" height=\"680\" src=\"https:\/\/teknopress.se\/wp-content\/uploads\/2022\/09\/IMG_7599-1024x683.jpg\" class=\"attachment-large size-large\" alt=\"\" srcset=\"https:\/\/teknopress.se\/wp-content\/uploads\/2022\/09\/IMG_7599-1024x683.jpg 1024w, https:\/\/teknopress.se\/wp-content\/uploads\/2022\/09\/IMG_7599-700x467.jpg 700w, https:\/\/teknopress.se\/wp-content\/uploads\/2022\/09\/IMG_7599-300x200.jpg 300w, https:\/\/teknopress.se\/wp-content\/uploads\/2022\/09\/IMG_7599-768x512.jpg 768w, https:\/\/teknopress.se\/wp-content\/uploads\/2022\/09\/IMG_7599-1536x1024.jpg 1536w, https:\/\/teknopress.se\/wp-content\/uploads\/2022\/09\/IMG_7599.jpg 1920w\" sizes=\"auto, (max-width: 1020px) 100vw, 1020px\" \/>\t\t\t\t\t\t\n\t\t\t\t\t<\/div>\n\t\t\t\t\t\t\t\t\n<style>\n#image_1377282357 {\n  width: 100%;\n}\n<\/style>\n\t<\/div>\n\t\n\n\n\t\t<\/div>\n\t\t\t\t\t<\/div>\n\n\t\n\n<\/div>\n<div class=\"row\"  id=\"row-2142149271\">\n\n\n\t<div id=\"col-1217219680\" class=\"col small-12 large-12\"  >\n\t\t\t\t<div class=\"col-inner\"  >\n\t\t\t\n\t\t\t\n\n<p>Thermosets have few limitations in terms of shape, color and design, which means that we can produce products according to the customer&#8217;s needs and therefore have a wide range of recipes depending on the desired properties and design.<\/p>\n\n\t\t<\/div>\n\t\t\t\t\t<\/div>\n\n\t\n\n<\/div>\n\n\t\t<\/div>\n\n\t\t\n<style>\n#section_175402878 {\n  padding-top: 0px;\n  padding-bottom: 0px;\n}\n#section_175402878 .ux-shape-divider--top svg {\n  height: 150px;\n  --divider-top-width: 100%;\n}\n#section_175402878 .ux-shape-divider--bottom svg {\n  height: 150px;\n  --divider-width: 100%;\n}\n<\/style>\n\t<\/section>\n\t\n\n","protected":false},"excerpt":{"rendered":"","protected":false},"author":1,"featured_media":0,"parent":0,"menu_order":0,"comment_status":"closed","ping_status":"closed","template":"page-blank.php","meta":{"footnotes":""},"class_list":["post-893","page","type-page","status-publish","hentry"],"yoast_head":"<!-- This site is optimized with the Yoast SEO plugin v26.9 - https:\/\/yoast.com\/product\/yoast-seo-wordpress\/ -->\n<title>Why Thermosets? - Teknopress<\/title>\n<meta name=\"robots\" content=\"index, follow, max-snippet:-1, max-image-preview:large, max-video-preview:-1\" \/>\n<link rel=\"canonical\" href=\"https:\/\/teknopress.se\/en\/why-thermosets\/\" \/>\n<meta property=\"og:locale\" content=\"en_US\" \/>\n<meta property=\"og:type\" content=\"article\" \/>\n<meta property=\"og:title\" content=\"Why Thermosets? - Teknopress\" \/>\n<meta property=\"og:url\" content=\"https:\/\/teknopress.se\/en\/why-thermosets\/\" \/>\n<meta property=\"og:site_name\" content=\"Teknopress\" \/>\n<meta property=\"article:modified_time\" content=\"2022-11-29T13:52:13+00:00\" \/>\n<meta name=\"twitter:card\" content=\"summary_large_image\" \/>\n<meta name=\"twitter:label1\" content=\"Est. reading time\" \/>\n\t<meta name=\"twitter:data1\" content=\"1 minute\" \/>\n<script type=\"application\/ld+json\" class=\"yoast-schema-graph\">{\"@context\":\"https:\/\/schema.org\",\"@graph\":[{\"@type\":\"WebPage\",\"@id\":\"https:\/\/teknopress.se\/en\/why-thermosets\/\",\"url\":\"https:\/\/teknopress.se\/en\/why-thermosets\/\",\"name\":\"Why Thermosets? - Teknopress\",\"isPartOf\":{\"@id\":\"https:\/\/teknopress.se\/en\/#website\"},\"datePublished\":\"2022-10-19T10:40:02+00:00\",\"dateModified\":\"2022-11-29T13:52:13+00:00\",\"breadcrumb\":{\"@id\":\"https:\/\/teknopress.se\/en\/why-thermosets\/#breadcrumb\"},\"inLanguage\":\"en-US\",\"potentialAction\":[{\"@type\":\"ReadAction\",\"target\":[\"https:\/\/teknopress.se\/en\/why-thermosets\/\"]}]},{\"@type\":\"BreadcrumbList\",\"@id\":\"https:\/\/teknopress.se\/en\/why-thermosets\/#breadcrumb\",\"itemListElement\":[{\"@type\":\"ListItem\",\"position\":1,\"name\":\"Hem\",\"item\":\"https:\/\/teknopress.se\/en\/home\/\"},{\"@type\":\"ListItem\",\"position\":2,\"name\":\"Why Thermosets?\"}]},{\"@type\":\"WebSite\",\"@id\":\"https:\/\/teknopress.se\/en\/#website\",\"url\":\"https:\/\/teknopress.se\/en\/\",\"name\":\"Teknopress\",\"description\":\"Din partner n\u00e4r det g\u00e4ller h\u00e4rdplast\",\"publisher\":{\"@id\":\"https:\/\/teknopress.se\/en\/#organization\"},\"potentialAction\":[{\"@type\":\"SearchAction\",\"target\":{\"@type\":\"EntryPoint\",\"urlTemplate\":\"https:\/\/teknopress.se\/en\/?s={search_term_string}\"},\"query-input\":{\"@type\":\"PropertyValueSpecification\",\"valueRequired\":true,\"valueName\":\"search_term_string\"}}],\"inLanguage\":\"en-US\"},{\"@type\":\"Organization\",\"@id\":\"https:\/\/teknopress.se\/en\/#organization\",\"name\":\"Teknopress AB\",\"url\":\"https:\/\/teknopress.se\/en\/\",\"logo\":{\"@type\":\"ImageObject\",\"inLanguage\":\"en-US\",\"@id\":\"https:\/\/teknopress.se\/en\/#\/schema\/logo\/image\/\",\"url\":\"https:\/\/teknopress.se\/wp-content\/uploads\/2022\/09\/teknopress-logo.png\",\"contentUrl\":\"https:\/\/teknopress.se\/wp-content\/uploads\/2022\/09\/teknopress-logo.png\",\"width\":1920,\"height\":335,\"caption\":\"Teknopress AB\"},\"image\":{\"@id\":\"https:\/\/teknopress.se\/en\/#\/schema\/logo\/image\/\"}}]}<\/script>\n<!-- \/ Yoast SEO plugin. -->","yoast_head_json":{"title":"Why Thermosets? - Teknopress","robots":{"index":"index","follow":"follow","max-snippet":"max-snippet:-1","max-image-preview":"max-image-preview:large","max-video-preview":"max-video-preview:-1"},"canonical":"https:\/\/teknopress.se\/en\/why-thermosets\/","og_locale":"en_US","og_type":"article","og_title":"Why Thermosets? - Teknopress","og_url":"https:\/\/teknopress.se\/en\/why-thermosets\/","og_site_name":"Teknopress","article_modified_time":"2022-11-29T13:52:13+00:00","twitter_card":"summary_large_image","twitter_misc":{"Est. reading time":"1 minute"},"schema":{"@context":"https:\/\/schema.org","@graph":[{"@type":"WebPage","@id":"https:\/\/teknopress.se\/en\/why-thermosets\/","url":"https:\/\/teknopress.se\/en\/why-thermosets\/","name":"Why Thermosets? - Teknopress","isPartOf":{"@id":"https:\/\/teknopress.se\/en\/#website"},"datePublished":"2022-10-19T10:40:02+00:00","dateModified":"2022-11-29T13:52:13+00:00","breadcrumb":{"@id":"https:\/\/teknopress.se\/en\/why-thermosets\/#breadcrumb"},"inLanguage":"en-US","potentialAction":[{"@type":"ReadAction","target":["https:\/\/teknopress.se\/en\/why-thermosets\/"]}]},{"@type":"BreadcrumbList","@id":"https:\/\/teknopress.se\/en\/why-thermosets\/#breadcrumb","itemListElement":[{"@type":"ListItem","position":1,"name":"Hem","item":"https:\/\/teknopress.se\/en\/home\/"},{"@type":"ListItem","position":2,"name":"Why Thermosets?"}]},{"@type":"WebSite","@id":"https:\/\/teknopress.se\/en\/#website","url":"https:\/\/teknopress.se\/en\/","name":"Teknopress","description":"Din partner n\u00e4r det g\u00e4ller h\u00e4rdplast","publisher":{"@id":"https:\/\/teknopress.se\/en\/#organization"},"potentialAction":[{"@type":"SearchAction","target":{"@type":"EntryPoint","urlTemplate":"https:\/\/teknopress.se\/en\/?s={search_term_string}"},"query-input":{"@type":"PropertyValueSpecification","valueRequired":true,"valueName":"search_term_string"}}],"inLanguage":"en-US"},{"@type":"Organization","@id":"https:\/\/teknopress.se\/en\/#organization","name":"Teknopress AB","url":"https:\/\/teknopress.se\/en\/","logo":{"@type":"ImageObject","inLanguage":"en-US","@id":"https:\/\/teknopress.se\/en\/#\/schema\/logo\/image\/","url":"https:\/\/teknopress.se\/wp-content\/uploads\/2022\/09\/teknopress-logo.png","contentUrl":"https:\/\/teknopress.se\/wp-content\/uploads\/2022\/09\/teknopress-logo.png","width":1920,"height":335,"caption":"Teknopress AB"},"image":{"@id":"https:\/\/teknopress.se\/en\/#\/schema\/logo\/image\/"}}]}},"_links":{"self":[{"href":"https:\/\/teknopress.se\/en\/wp-json\/wp\/v2\/pages\/893","targetHints":{"allow":["GET"]}}],"collection":[{"href":"https:\/\/teknopress.se\/en\/wp-json\/wp\/v2\/pages"}],"about":[{"href":"https:\/\/teknopress.se\/en\/wp-json\/wp\/v2\/types\/page"}],"author":[{"embeddable":true,"href":"https:\/\/teknopress.se\/en\/wp-json\/wp\/v2\/users\/1"}],"replies":[{"embeddable":true,"href":"https:\/\/teknopress.se\/en\/wp-json\/wp\/v2\/comments?post=893"}],"version-history":[{"count":16,"href":"https:\/\/teknopress.se\/en\/wp-json\/wp\/v2\/pages\/893\/revisions"}],"predecessor-version":[{"id":1026,"href":"https:\/\/teknopress.se\/en\/wp-json\/wp\/v2\/pages\/893\/revisions\/1026"}],"wp:attachment":[{"href":"https:\/\/teknopress.se\/en\/wp-json\/wp\/v2\/media?parent=893"}],"curies":[{"name":"wp","href":"https:\/\/api.w.org\/{rel}","templated":true}]}}