{"id":901,"date":"2022-09-14T09:35:04","date_gmt":"2022-09-14T07:35:04","guid":{"rendered":"https:\/\/teknopress.se\/home\/"},"modified":"2022-11-29T18:52:57","modified_gmt":"2022-11-29T17:52:57","slug":"home","status":"publish","type":"page","link":"https:\/\/teknopress.se\/en\/","title":{"rendered":"Home"},"content":{"rendered":"\n<div class=\"slider-wrapper relative\" id=\"slider-161067253\" >\n    <div class=\"slider slider-nav-circle slider-nav-large slider-nav-light slider-style-normal\"\n        data-flickity-options='{\n            \"cellAlign\": \"center\",\n            \"imagesLoaded\": true,\n            \"lazyLoad\": 1,\n            \"freeScroll\": false,\n            \"wrapAround\": true,\n            \"autoPlay\": 6000,\n            \"pauseAutoPlayOnHover\" : true,\n            \"prevNextButtons\": true,\n            \"contain\" : true,\n            \"adaptiveHeight\" : true,\n            \"dragThreshold\" : 10,\n            \"percentPosition\": true,\n            \"pageDots\": true,\n            \"rightToLeft\": false,\n            \"draggable\": true,\n            \"selectedAttraction\": 0.1,\n            \"parallax\" : 0,\n            \"friction\": 0.6        }'\n        >\n        \n\n  <div class=\"banner has-hover\" id=\"banner-1686846415\">\n          <div class=\"banner-inner fill\">\n        <div class=\"banner-bg fill\" >\n            <div class=\"bg fill bg-fill \"><\/div>\n                        <div class=\"overlay\"><\/div>            \n                    <\/div>\n\t\t\n        <div class=\"banner-layers container\">\n            <div class=\"fill banner-link\"><\/div>            \n   <div id=\"text-box-1822482788\" class=\"text-box banner-layer x5 md-x5 lg-x5 y50 md-y50 lg-y50 res-text\">\n                                <div class=\"text-box-content text dark\">\n              \n              <div class=\"text-inner text-left\">\n                  \n\t<div id=\"text-11475379\" class=\"text\">\n\t\t\n<h2 class=\"uppercase\"><strong>Your partner when it comes to thermosets<\/strong><\/h2>\n<p>Teknopress is your partner for everything in the manufacture of thermoset parts for industry. Injection molding, compression molding, RTM manufacturing, processing, assembly and further processing. We stand for experience in manufacturing and development.<\/p>\n\t\t\n<style>\n#text-11475379 {\n  color: rgb(255,255,255);\n}\n#text-11475379 > * {\n  color: rgb(255,255,255);\n}\n<\/style>\n\t<\/div>\n\t\n<a href=\"https:\/\/teknopress.se\/en\/about-us\/\" target=\"_self\" class=\"button primary teknopress_button\"  >\n    <span>About Teknopress<\/span>\n  <\/a>\n\n<a href=\"https:\/\/teknopress.se\/en\/contact\/\" target=\"_self\" class=\"button white is-outline teknopress_button\"  >\n    <span>Contact us<\/span>\n  <\/a>\n\n              <\/div>\n           <\/div>\n                            \n<style>\n#text-box-1822482788 {\n  width: 60%;\n}\n#text-box-1822482788 .text-box-content {\n  font-size: 100%;\n}\n@media (min-width:550px) {\n  #text-box-1822482788 {\n    width: 55%;\n  }\n}\n<\/style>\n    <\/div>\n \n        <\/div>\n      <\/div>\n\n            \n<style>\n#banner-1686846415 {\n  padding-top: 600px;\n}\n#banner-1686846415 .bg.bg-loaded {\n  background-image: url(https:\/\/teknopress.se\/wp-content\/uploads\/2022\/09\/IMG_7379.jpg);\n}\n#banner-1686846415 .overlay {\n  background-color: rgba(0, 0, 0, 0.31);\n}\n#banner-1686846415 .ux-shape-divider--top svg {\n  height: 150px;\n  --divider-top-width: 100%;\n}\n#banner-1686846415 .ux-shape-divider--bottom svg {\n  height: 150px;\n  --divider-width: 100%;\n}\n<\/style>\n  <\/div>\n\n\n\n  <div class=\"banner has-hover\" id=\"banner-1256022668\">\n          <div class=\"banner-inner fill\">\n        <div class=\"banner-bg fill\" >\n            <div class=\"bg fill bg-fill \"><\/div>\n                        <div class=\"overlay\"><\/div>            \n                    <\/div>\n\t\t\n        <div class=\"banner-layers container\">\n            <div class=\"fill banner-link\"><\/div>            \n   <div id=\"text-box-1701769073\" class=\"text-box banner-layer x5 md-x5 lg-x5 y50 md-y50 lg-y50 res-text\">\n                                <div class=\"text-box-content text dark\">\n              \n              <div class=\"text-inner text-left\">\n                  \n\t<div id=\"text-3808327810\" class=\"text\">\n\t\t\n<h2 class=\"uppercase\"><strong>Your partner when it comes to thermosets<\/strong><\/h2>\n<p>We work with most common thermosets such as BMC, SMC, GMT, Phenol, Melamine, Epoxy and Carbon fiber SMC.<\/p>\n\t\t\n<style>\n#text-3808327810 {\n  color: rgb(255,255,255);\n}\n#text-3808327810 > * {\n  color: rgb(255,255,255);\n}\n<\/style>\n\t<\/div>\n\t\n<a href=\"https:\/\/teknopress.se\/en\/about-us\/\" target=\"_self\" class=\"button primary teknopress_button\"  >\n    <span>About Teknopress<\/span>\n  <\/a>\n\n<a href=\"https:\/\/teknopress.se\/en\/contact\/\" target=\"_self\" class=\"button white is-outline teknopress_button\"  >\n    <span>Contact us<\/span>\n  <\/a>\n\n              <\/div>\n           <\/div>\n                            \n<style>\n#text-box-1701769073 {\n  width: 60%;\n}\n#text-box-1701769073 .text-box-content {\n  font-size: 100%;\n}\n@media (min-width:550px) {\n  #text-box-1701769073 {\n    width: 55%;\n  }\n}\n<\/style>\n    <\/div>\n \n        <\/div>\n      <\/div>\n\n            \n<style>\n#banner-1256022668 {\n  padding-top: 600px;\n}\n#banner-1256022668 .bg.bg-loaded {\n  background-image: url(https:\/\/teknopress.se\/wp-content\/uploads\/2022\/09\/IMG_7625.jpg);\n}\n#banner-1256022668 .overlay {\n  background-color: rgba(0, 0, 0, 0.31);\n}\n#banner-1256022668 .ux-shape-divider--top svg {\n  height: 150px;\n  --divider-top-width: 100%;\n}\n#banner-1256022668 .ux-shape-divider--bottom svg {\n  height: 150px;\n  --divider-width: 100%;\n}\n<\/style>\n  <\/div>\n\n\n     <\/div>\n\n     <div class=\"loading-spin dark large centered\"><\/div>\n\n     \t<\/div>\n\n\n<div class=\"row row-box-shadow-1 row-box-shadow-5-hover\"  id=\"row-782805354\">\n\n\t<div id=\"col-1176833528\" class=\"col medium-4 small-12 large-4\"  >\n\t\t\t\t<div class=\"col-inner\"  >\n\t\t\t\n\t\t\t\n\n  <div class=\"banner has-hover\" id=\"banner-1334404774\">\n          <div class=\"banner-inner fill\">\n        <div class=\"banner-bg fill\" >\n            <div class=\"bg fill bg-fill \"><\/div>\n                        <div class=\"overlay\"><\/div>            \n\t<div class=\"is-border is-dashed\"\n\t\tstyle=\"border-color:rgba(0, 0, 0, 0.16);border-width:1px 1px 1px 1px;margin:10px 10px 10px 10px;\">\n\t<\/div>\n                    <\/div>\n\t\t\n        <div class=\"banner-layers container\">\n            <a class=\"fill\" href=\"https:\/\/teknopress.se\/en\/products\/\"  ><div class=\"fill banner-link\"><\/div><\/a>            \n   <div id=\"text-box-927464853\" class=\"text-box banner-layer x50 md-x50 lg-x50 y50 md-y50 lg-y50 res-text\">\n                                <div class=\"text-box-content text dark\">\n              \n              <div class=\"text-inner text-center\">\n                  \n<p><a class=\"no_underline_link\" href=\"https:\/\/teknopress.se\/en\/products\/\"><\/p>\n<h2 class=\"uppercase\"><strong>Products<\/strong><\/h2>\n<p><\/a><\/p>\n              <\/div>\n           <\/div>\n                            \n<style>\n#text-box-927464853 {\n  width: 60%;\n}\n#text-box-927464853 .text-box-content {\n  font-size: 100%;\n}\n@media (min-width:550px) {\n  #text-box-927464853 {\n    width: 68%;\n  }\n}\n<\/style>\n    <\/div>\n \n        <\/div>\n      <\/div>\n\n            \n<style>\n#banner-1334404774 {\n  padding-top: 160px;\n}\n#banner-1334404774 .bg.bg-loaded {\n  background-image: 4116;\n}\n#banner-1334404774 .overlay {\n  background-color: rgba(0, 0, 0, 0.06);\n}\n#banner-1334404774 .bg {\n  background-position: 50% 12%;\n}\n#banner-1334404774 .ux-shape-divider--top svg {\n  height: 150px;\n  --divider-top-width: 100%;\n}\n#banner-1334404774 .ux-shape-divider--bottom svg {\n  height: 150px;\n  --divider-width: 100%;\n}\n<\/style>\n  <\/div>\n\n\n\t\t<\/div>\n\t\t\t\t\t<\/div>\n\n\t\n\n\t<div id=\"col-1490110668\" class=\"col medium-4 small-12 large-4\"  >\n\t\t\t\t<div class=\"col-inner\"  >\n\t\t\t\n\t\t\t\n\n  <div class=\"banner has-hover\" id=\"banner-2017713057\">\n          <div class=\"banner-inner fill\">\n        <div class=\"banner-bg fill\" >\n            <div class=\"bg fill bg-fill \"><\/div>\n                        <div class=\"overlay\"><\/div>            \n\t<div class=\"is-border is-dashed\"\n\t\tstyle=\"border-color:rgba(0, 0, 0, 0.16);border-width:1px 1px 1px 1px;margin:10px 10px 10px 10px;\">\n\t<\/div>\n                    <\/div>\n\t\t\n        <div class=\"banner-layers container\">\n            <a class=\"fill\" href=\"https:\/\/teknopress.se\/en\/about-us\/\"  ><div class=\"fill banner-link\"><\/div><\/a>            \n   <div id=\"text-box-2012411221\" class=\"text-box banner-layer x50 md-x50 lg-x50 y50 md-y50 lg-y50 res-text\">\n                                <div class=\"text-box-content text dark\">\n              \n              <div class=\"text-inner text-center\">\n                  \n<p><a class=\"no_underline_link\" href=\"https:\/\/teknopress.se\/en\/about-us\/\"><\/p>\n<h2 class=\"uppercase\"><strong>About us<\/strong><\/h2>\n<p><\/a><\/p>\n              <\/div>\n           <\/div>\n                            \n<style>\n#text-box-2012411221 {\n  width: 60%;\n}\n#text-box-2012411221 .text-box-content {\n  font-size: 100%;\n}\n@media (min-width:550px) {\n  #text-box-2012411221 {\n    width: 68%;\n  }\n}\n<\/style>\n    <\/div>\n \n        <\/div>\n      <\/div>\n\n            \n<style>\n#banner-2017713057 {\n  padding-top: 160px;\n}\n#banner-2017713057 .bg.bg-loaded {\n  background-image: 4110;\n}\n#banner-2017713057 .overlay {\n  background-color: rgba(0, 0, 0, 0.06);\n}\n#banner-2017713057 .bg {\n  background-position: 60% 18%;\n}\n#banner-2017713057 .ux-shape-divider--top svg {\n  height: 150px;\n  --divider-top-width: 100%;\n}\n#banner-2017713057 .ux-shape-divider--bottom svg {\n  height: 150px;\n  --divider-width: 100%;\n}\n<\/style>\n  <\/div>\n\n\n\t\t<\/div>\n\t\t\t\t\t<\/div>\n\n\t\n\n\t<div id=\"col-1878134881\" class=\"col medium-4 small-12 large-4\"  >\n\t\t\t\t<div class=\"col-inner\"  >\n\t\t\t\n\t\t\t\n\n  <div class=\"banner has-hover\" id=\"banner-2034438131\">\n          <div class=\"banner-inner fill\">\n        <div class=\"banner-bg fill\" >\n            <div class=\"bg fill bg-fill \"><\/div>\n                        <div class=\"overlay\"><\/div>            \n\t<div class=\"is-border is-dashed\"\n\t\tstyle=\"border-color:rgba(0, 0, 0, 0.16);border-width:1px 1px 1px 1px;margin:10px 10px 10px 10px;\">\n\t<\/div>\n                    <\/div>\n\t\t\n        <div class=\"banner-layers container\">\n            <a class=\"fill\" href=\"https:\/\/teknopress.se\/en\/contact\/\"  ><div class=\"fill banner-link\"><\/div><\/a>            \n   <div id=\"text-box-188313972\" class=\"text-box banner-layer x50 md-x50 lg-x50 y50 md-y50 lg-y50 res-text\">\n                                <div class=\"text-box-content text dark\">\n              \n              <div class=\"text-inner text-center\">\n                  \n<p><a class=\"no_underline_link\" href=\"https:\/\/teknopress.se\/en\/contact\/\"><\/p>\n<h2 class=\"uppercase\"><strong>Contact<\/strong><\/h2>\n<p><\/a><\/p>\n              <\/div>\n           <\/div>\n                            \n<style>\n#text-box-188313972 {\n  width: 60%;\n}\n#text-box-188313972 .text-box-content {\n  font-size: 100%;\n}\n@media (min-width:550px) {\n  #text-box-188313972 {\n    width: 68%;\n  }\n}\n<\/style>\n    <\/div>\n \n        <\/div>\n      <\/div>\n\n            \n<style>\n#banner-2034438131 {\n  padding-top: 160px;\n}\n#banner-2034438131 .bg.bg-loaded {\n  background-image: 4117;\n}\n#banner-2034438131 .overlay {\n  background-color: rgba(0, 0, 0, 0.06);\n}\n#banner-2034438131 .bg {\n  background-position: 51% 35%;\n}\n#banner-2034438131 .ux-shape-divider--top svg {\n  height: 150px;\n  --divider-top-width: 100%;\n}\n#banner-2034438131 .ux-shape-divider--bottom svg {\n  height: 150px;\n  --divider-width: 100%;\n}\n<\/style>\n  <\/div>\n\n\n\t\t<\/div>\n\t\t\t\t\t<\/div>\n\n\t\n<\/div>\n\t<div id=\"gap-1053278931\" class=\"gap-element clearfix\" style=\"display:block; height:auto;\">\n\t\t\n<style>\n#gap-1053278931 {\n  padding-top: 30px;\n}\n<\/style>\n\t<\/div>\n\t\n<div class=\"container section-title-container\" ><h3 class=\"section-title section-title-bold-center\"><b><\/b><span class=\"section-title-main\" >Teknopress AB<\/span><b><\/b><\/h3><\/div>\n<div class=\"row\" style=\"max-width:800px\" id=\"row-311424329\">\n\n\t<div id=\"col-895453270\" class=\"col small-12 large-12\"  >\n\t\t\t\t<div class=\"col-inner\"  >\n\t\t\t\n\t\t\t\n\t<div id=\"text-151786370\" class=\"text\">\n\t\t\n<p>Since 1995, Teknopress has had a continued growth and is now the best choice as a complete supplier of thermoset products to the industry.<\/p>\n<p>We work with both large and small customers in industries such as: electrical applications (high and low voltage), trucks, buses, trains, signaling systems for trains, cars, other vehicles, the defense and welding industry, lamp housings, pump housings, kitchen equipment, medicine, water purification, dehumidification and air purification etc.<\/p>\n<p>We see great potential in the new green transition with increased needs for batteries, wind power, solar power, hydrogen and mines.<\/p>\n\t\t\n<style>\n#text-151786370 {\n  font-size: 1.1rem;\n  text-align: center;\n  color: rgb(0,0,0);\n}\n#text-151786370 > * {\n  color: rgb(0,0,0);\n}\n<\/style>\n\t<\/div>\n\t\n\t\t<\/div>\n\t\t\t\t\t<\/div>\n\n\t\n<\/div>\n\n  <div class=\"banner has-hover\" id=\"banner-363971450\">\n          <div class=\"banner-inner fill\">\n        <div class=\"banner-bg fill\" >\n            <div class=\"bg fill bg-fill \"><\/div>\n                        <div class=\"overlay\"><\/div>            \n                    <\/div>\n\t\t\n        <div class=\"banner-layers container\">\n            <div class=\"fill banner-link\"><\/div>            \n   <div id=\"text-box-872915869\" class=\"text-box banner-layer x50 md-x50 lg-x50 y50 md-y50 lg-y50 res-text\">\n                                <div class=\"text-box-content text dark\">\n              \n              <div class=\"text-inner text-center\">\n                  \n<h3 style=\"line-height:1.2em;\" class=\"uppercase\"><strong>Injection Molding, Compression Molding and RTM of thermosets.<br>\n<\/strong><\/h3>\n<p>Your partner in terms of manufacturing and development!<\/p>\n              <\/div>\n           <\/div>\n                            \n<style>\n#text-box-872915869 {\n  width: 60%;\n}\n#text-box-872915869 .text-box-content {\n  font-size: 100%;\n}\n<\/style>\n    <\/div>\n \n        <\/div>\n      <\/div>\n\n            \n<style>\n#banner-363971450 {\n  padding-top: 500px;\n}\n#banner-363971450 .bg.bg-loaded {\n  background-image: url(https:\/\/teknopress.se\/wp-content\/uploads\/2022\/09\/IMG_7591.jpg);\n}\n#banner-363971450 .overlay {\n  background-color: rgba(0,0,0,.5);\n}\n#banner-363971450 .ux-shape-divider--top svg {\n  height: 150px;\n  --divider-top-width: 100%;\n}\n#banner-363971450 .ux-shape-divider--bottom svg {\n  height: 150px;\n  --divider-width: 100%;\n}\n<\/style>\n  <\/div>\n\n\n\t<section class=\"section\" id=\"section_937681794\">\n\t\t<div class=\"bg section-bg fill bg-fill  bg-loaded\" >\n\n\t\t\t\n\t\t\t\n\t\t\t\n\n\t\t<\/div>\n\n\t\t\n\n\t\t<div class=\"section-content relative\">\n\t\t\t\n\t<div id=\"gap-448946233\" class=\"gap-element clearfix\" style=\"display:block; height:auto;\">\n\t\t\n<style>\n#gap-448946233 {\n  padding-top: 50px;\n}\n<\/style>\n\t<\/div>\n\t\n<div class=\"row align-middle\"  id=\"row-197658558\">\n\n\t<div id=\"col-1185240005\" class=\"col medium-12 small-12 large-6\"  >\n\t\t\t\t<div class=\"col-inner\"  >\n\t\t\t\n\t\t\t\n\n  <div class=\"banner has-hover\" id=\"banner-1150162964\">\n          <div class=\"banner-inner fill\">\n        <div class=\"banner-bg fill\" >\n            <div class=\"bg fill bg-fill \"><\/div>\n                                    \n                    <\/div>\n\t\t\n        <div class=\"banner-layers container\">\n            <div class=\"fill banner-link\"><\/div>            \n   <div id=\"text-box-2094407384\" class=\"text-box banner-layer x50 md-x50 lg-x50 y50 md-y50 lg-y50 res-text\">\n                                <div class=\"text-box-content text dark\">\n              \n              <div class=\"text-inner text-center\">\n                  \n              <\/div>\n           <\/div>\n                            \n<style>\n#text-box-2094407384 {\n  width: 60%;\n}\n#text-box-2094407384 .text-box-content {\n  font-size: 100%;\n}\n<\/style>\n    <\/div>\n \n        <\/div>\n      <\/div>\n\n            \n<style>\n#banner-1150162964 {\n  padding-top: 99.99%;\n  background-color: rgb(255, 255, 255);\n}\n#banner-1150162964 .bg.bg-loaded {\n  background-image: url(https:\/\/teknopress.se\/wp-content\/uploads\/2022\/09\/IMG_7592-1024x683.jpg);\n}\n#banner-1150162964 .bg {\n  background-position: 35% 56%;\n}\n#banner-1150162964 .ux-shape-divider--top svg {\n  height: 150px;\n  --divider-top-width: 100%;\n}\n#banner-1150162964 .ux-shape-divider--bottom svg {\n  height: 150px;\n  --divider-width: 100%;\n}\n@media (min-width:550px) {\n  #banner-1150162964 {\n    padding-top: 75%;\n  }\n}\n@media (min-width:850px) {\n  #banner-1150162964 {\n    padding-top: 99.99%;\n  }\n}\n<\/style>\n  <\/div>\n\n\n\t\t<\/div>\n\t\t\t\t\t<\/div>\n\n\t\n\n\t<div id=\"col-1975375657\" class=\"col medium-12 small-12 large-6\"  >\n\t\t\t\t<div class=\"col-inner\"  >\n\t\t\t\n\t\t\t\n\t<div id=\"gap-351590483\" class=\"gap-element clearfix\" style=\"display:block; height:auto;\">\n\t\t\n<style>\n#gap-351590483 {\n  padding-top: 10px;\n}\n@media (min-width:850px) {\n  #gap-351590483 {\n    padding-top: 30px;\n  }\n}\n<\/style>\n\t<\/div>\n\t\n\t<div id=\"text-479053716\" class=\"text\">\n\t\t\n<h2>What we do<br>\n<\/h2>\n\t\t\n<style>\n#text-479053716 {\n  font-size: 1.2rem;\n}\n<\/style>\n\t<\/div>\n\t\n<p>We work with most common thermosets such as BMC, SMC, GMT, Phenol, Melamine, Epoxy and Carbon fiber SMC. The material is selected or developed depending on the customer&#8217;s specifications regarding e.g. surface, color, as well as mechanical and electrical, fire class and other properties.<\/p>\n<p>We manufacture details with weights between 1 gram and 50 Kg where we also offer all types of necessary assembly to be able to deliver the finished product to the customer.<\/p>\n<p>The production process is structured to be able to meet the highest customer requirements in terms of efficient and flexible production in both very long and very short series with high and consistent quality.<\/p>\n<a href=\"https:\/\/teknopress.se\/en\/about-us\/\" target=\"_self\" class=\"button primary is-underline\"  style=\"padding:0 0px 0px 0px;\">\n    <span>Read more<\/span>\n  <\/a>\n\n\t\t<\/div>\n\t\t\t\t\n<style>\n#col-1975375657 > .col-inner {\n  padding: 0px 0px 0px 0;\n}\n@media (min-width:850px) {\n  #col-1975375657 > .col-inner {\n    padding: 0px 0px 0px 10%;\n  }\n}\n<\/style>\n\t<\/div>\n\n\t\n<\/div>\n\t\t<\/div>\n\n\t\t\n<style>\n#section_937681794 {\n  padding-top: 40px;\n  padding-bottom: 40px;\n}\n#section_937681794 .ux-shape-divider--top svg {\n  height: 150px;\n  --divider-top-width: 100%;\n}\n#section_937681794 .ux-shape-divider--bottom svg {\n  height: 150px;\n  --divider-width: 100%;\n}\n@media (min-width:850px) {\n  #section_937681794 {\n    padding-top: 0px;\n    padding-bottom: 0px;\n  }\n}\n<\/style>\n\t<\/section>\n\t\n","protected":false},"excerpt":{"rendered":"","protected":false},"author":1,"featured_media":0,"parent":0,"menu_order":0,"comment_status":"closed","ping_status":"closed","template":"page-blank.php","meta":{"footnotes":""},"class_list":["post-901","page","type-page","status-publish","hentry"],"yoast_head":"<!-- This site is optimized with the Yoast SEO plugin v26.9 - https:\/\/yoast.com\/product\/yoast-seo-wordpress\/ -->\n<title>Teknopress - Your partner when it comes to thermosets<\/title>\n<meta name=\"description\" content=\"Your partner when it comes to thermosets Manufacture &amp; development of details in thermosets We stand for experience, quality and delivery reliability\" \/>\n<meta name=\"robots\" content=\"index, follow, max-snippet:-1, max-image-preview:large, max-video-preview:-1\" \/>\n<link rel=\"canonical\" href=\"https:\/\/teknopress.se\/en\/\" \/>\n<meta property=\"og:locale\" content=\"en_US\" \/>\n<meta property=\"og:type\" content=\"article\" \/>\n<meta property=\"og:title\" content=\"Teknopress - Your partner when it comes to thermosets\" \/>\n<meta property=\"og:description\" content=\"Your partner when it comes to thermosets Manufacture &amp; development of details in thermosets We stand for experience, quality and delivery reliability\" \/>\n<meta property=\"og:url\" content=\"https:\/\/teknopress.se\/en\/\" \/>\n<meta property=\"og:site_name\" content=\"Teknopress\" \/>\n<meta property=\"article:modified_time\" content=\"2022-11-29T17:52:57+00:00\" \/>\n<meta name=\"twitter:card\" content=\"summary_large_image\" \/>\n<meta name=\"twitter:label1\" content=\"Est. reading time\" \/>\n\t<meta name=\"twitter:data1\" content=\"4 minutes\" \/>\n<script type=\"application\/ld+json\" class=\"yoast-schema-graph\">{\"@context\":\"https:\/\/schema.org\",\"@graph\":[{\"@type\":\"WebPage\",\"@id\":\"https:\/\/teknopress.se\/en\/\",\"url\":\"https:\/\/teknopress.se\/en\/\",\"name\":\"Teknopress - Your partner when it comes to thermosets\",\"isPartOf\":{\"@id\":\"https:\/\/teknopress.se\/en\/#website\"},\"datePublished\":\"2022-09-14T07:35:04+00:00\",\"dateModified\":\"2022-11-29T17:52:57+00:00\",\"description\":\"Your partner when it comes to thermosets Manufacture & development of details in thermosets We stand for experience, quality and delivery reliability\",\"breadcrumb\":{\"@id\":\"https:\/\/teknopress.se\/en\/#breadcrumb\"},\"inLanguage\":\"en-US\",\"potentialAction\":[{\"@type\":\"ReadAction\",\"target\":[\"https:\/\/teknopress.se\/en\/\"]}]},{\"@type\":\"BreadcrumbList\",\"@id\":\"https:\/\/teknopress.se\/en\/#breadcrumb\",\"itemListElement\":[{\"@type\":\"ListItem\",\"position\":1,\"name\":\"Hem\",\"item\":\"https:\/\/teknopress.se\/en\/home\/\"},{\"@type\":\"ListItem\",\"position\":2,\"name\":\"Home\"}]},{\"@type\":\"WebSite\",\"@id\":\"https:\/\/teknopress.se\/en\/#website\",\"url\":\"https:\/\/teknopress.se\/en\/\",\"name\":\"Teknopress\",\"description\":\"Din partner n\u00e4r det g\u00e4ller h\u00e4rdplast\",\"publisher\":{\"@id\":\"https:\/\/teknopress.se\/en\/#organization\"},\"potentialAction\":[{\"@type\":\"SearchAction\",\"target\":{\"@type\":\"EntryPoint\",\"urlTemplate\":\"https:\/\/teknopress.se\/en\/?s={search_term_string}\"},\"query-input\":{\"@type\":\"PropertyValueSpecification\",\"valueRequired\":true,\"valueName\":\"search_term_string\"}}],\"inLanguage\":\"en-US\"},{\"@type\":\"Organization\",\"@id\":\"https:\/\/teknopress.se\/en\/#organization\",\"name\":\"Teknopress AB\",\"url\":\"https:\/\/teknopress.se\/en\/\",\"logo\":{\"@type\":\"ImageObject\",\"inLanguage\":\"en-US\",\"@id\":\"https:\/\/teknopress.se\/en\/#\/schema\/logo\/image\/\",\"url\":\"https:\/\/teknopress.se\/wp-content\/uploads\/2022\/09\/teknopress-logo.png\",\"contentUrl\":\"https:\/\/teknopress.se\/wp-content\/uploads\/2022\/09\/teknopress-logo.png\",\"width\":1920,\"height\":335,\"caption\":\"Teknopress AB\"},\"image\":{\"@id\":\"https:\/\/teknopress.se\/en\/#\/schema\/logo\/image\/\"}}]}<\/script>\n<!-- \/ Yoast SEO plugin. -->","yoast_head_json":{"title":"Teknopress - Your partner when it comes to thermosets","description":"Your partner when it comes to thermosets Manufacture & development of details in thermosets We stand for experience, quality and delivery reliability","robots":{"index":"index","follow":"follow","max-snippet":"max-snippet:-1","max-image-preview":"max-image-preview:large","max-video-preview":"max-video-preview:-1"},"canonical":"https:\/\/teknopress.se\/en\/","og_locale":"en_US","og_type":"article","og_title":"Teknopress - Your partner when it comes to thermosets","og_description":"Your partner when it comes to thermosets Manufacture & development of details in thermosets We stand for experience, quality and delivery reliability","og_url":"https:\/\/teknopress.se\/en\/","og_site_name":"Teknopress","article_modified_time":"2022-11-29T17:52:57+00:00","twitter_card":"summary_large_image","twitter_misc":{"Est. reading time":"4 minutes"},"schema":{"@context":"https:\/\/schema.org","@graph":[{"@type":"WebPage","@id":"https:\/\/teknopress.se\/en\/","url":"https:\/\/teknopress.se\/en\/","name":"Teknopress - Your partner when it comes to thermosets","isPartOf":{"@id":"https:\/\/teknopress.se\/en\/#website"},"datePublished":"2022-09-14T07:35:04+00:00","dateModified":"2022-11-29T17:52:57+00:00","description":"Your partner when it comes to thermosets Manufacture & development of details in thermosets We stand for experience, quality and delivery reliability","breadcrumb":{"@id":"https:\/\/teknopress.se\/en\/#breadcrumb"},"inLanguage":"en-US","potentialAction":[{"@type":"ReadAction","target":["https:\/\/teknopress.se\/en\/"]}]},{"@type":"BreadcrumbList","@id":"https:\/\/teknopress.se\/en\/#breadcrumb","itemListElement":[{"@type":"ListItem","position":1,"name":"Hem","item":"https:\/\/teknopress.se\/en\/home\/"},{"@type":"ListItem","position":2,"name":"Home"}]},{"@type":"WebSite","@id":"https:\/\/teknopress.se\/en\/#website","url":"https:\/\/teknopress.se\/en\/","name":"Teknopress","description":"Din partner n\u00e4r det g\u00e4ller h\u00e4rdplast","publisher":{"@id":"https:\/\/teknopress.se\/en\/#organization"},"potentialAction":[{"@type":"SearchAction","target":{"@type":"EntryPoint","urlTemplate":"https:\/\/teknopress.se\/en\/?s={search_term_string}"},"query-input":{"@type":"PropertyValueSpecification","valueRequired":true,"valueName":"search_term_string"}}],"inLanguage":"en-US"},{"@type":"Organization","@id":"https:\/\/teknopress.se\/en\/#organization","name":"Teknopress AB","url":"https:\/\/teknopress.se\/en\/","logo":{"@type":"ImageObject","inLanguage":"en-US","@id":"https:\/\/teknopress.se\/en\/#\/schema\/logo\/image\/","url":"https:\/\/teknopress.se\/wp-content\/uploads\/2022\/09\/teknopress-logo.png","contentUrl":"https:\/\/teknopress.se\/wp-content\/uploads\/2022\/09\/teknopress-logo.png","width":1920,"height":335,"caption":"Teknopress AB"},"image":{"@id":"https:\/\/teknopress.se\/en\/#\/schema\/logo\/image\/"}}]}},"_links":{"self":[{"href":"https:\/\/teknopress.se\/en\/wp-json\/wp\/v2\/pages\/901","targetHints":{"allow":["GET"]}}],"collection":[{"href":"https:\/\/teknopress.se\/en\/wp-json\/wp\/v2\/pages"}],"about":[{"href":"https:\/\/teknopress.se\/en\/wp-json\/wp\/v2\/types\/page"}],"author":[{"embeddable":true,"href":"https:\/\/teknopress.se\/en\/wp-json\/wp\/v2\/users\/1"}],"replies":[{"embeddable":true,"href":"https:\/\/teknopress.se\/en\/wp-json\/wp\/v2\/comments?post=901"}],"version-history":[{"count":16,"href":"https:\/\/teknopress.se\/en\/wp-json\/wp\/v2\/pages\/901\/revisions"}],"predecessor-version":[{"id":1046,"href":"https:\/\/teknopress.se\/en\/wp-json\/wp\/v2\/pages\/901\/revisions\/1046"}],"wp:attachment":[{"href":"https:\/\/teknopress.se\/en\/wp-json\/wp\/v2\/media?parent=901"}],"curies":[{"name":"wp","href":"https:\/\/api.w.org\/{rel}","templated":true}]}}