{"id":903,"date":"2022-10-19T13:10:53","date_gmt":"2022-10-19T11:10:53","guid":{"rendered":"https:\/\/teknopress.se\/career\/"},"modified":"2025-09-30T11:23:52","modified_gmt":"2025-09-30T09:23:52","slug":"career","status":"publish","type":"page","link":"https:\/\/teknopress.se\/en\/career\/","title":{"rendered":"Career"},"content":{"rendered":"\n\t<section class=\"section dark\" id=\"section_864085659\">\n\t\t<div class=\"bg section-bg fill bg-fill  \" >\n\n\t\t\t\n\t\t\t<div class=\"section-bg-overlay absolute fill\"><\/div>\n\t\t\t\n\n\t\t<\/div>\n\n\t\t\n\n\t\t<div class=\"section-content relative\">\n\t\t\t\n\n<div class=\"row align-center\"  id=\"row-1942239717\">\n\n\n\t<div id=\"col-2042067086\" class=\"col no_padding_below medium-7 small-9 large-10\"  >\n\t\t\t\t<div class=\"col-inner text-center\"  >\n\t\t\t\n\t\t\t\n\n\t<div id=\"text-1328274907\" class=\"text\">\n\t\t\n\n<h1 style=\"font-size:42px;\" class=\"uppercase\">Start your future here!<\/h1>\n\t\t\n<style>\n#text-1328274907 {\n  text-align: center;\n}\n<\/style>\n\t<\/div>\n\t\n\n\t\t<\/div>\n\t\t\t\t\t<\/div>\n\n\t\n\n<\/div>\n\n\t\t<\/div>\n\n\t\t\n<style>\n#section_864085659 {\n  padding-top: 100px;\n  padding-bottom: 100px;\n}\n#section_864085659 .section-bg-overlay {\n  background-color: rgba(0,0,0,.5);\n}\n#section_864085659 .section-bg.bg-loaded {\n  background-image: url(https:\/\/teknopress.se\/wp-content\/uploads\/2022\/09\/IMG_7625.jpg);\n}\n#section_864085659 .section-bg {\n  background-position: 59% 17%;\n}\n#section_864085659 .ux-shape-divider--top svg {\n  height: 150px;\n  --divider-top-width: 100%;\n}\n#section_864085659 .ux-shape-divider--bottom svg {\n  height: 150px;\n  --divider-width: 100%;\n}\n@media (min-width:550px) {\n  #section_864085659 {\n    padding-top: 140px;\n    padding-bottom: 140px;\n  }\n}\n@media (min-width:850px) {\n  #section_864085659 {\n    padding-top: 100px;\n    padding-bottom: 100px;\n  }\n}\n<\/style>\n\t<\/section>\n\t\n\t<div id=\"gap-2049158388\" class=\"gap-element clearfix\" style=\"display:block; height:auto;\">\n\t\t\n<style>\n#gap-2049158388 {\n  padding-top: 30px;\n}\n<\/style>\n\t<\/div>\n\t\n\n\t<section class=\"section\" id=\"section_1090590527\">\n\t\t<div class=\"bg section-bg fill bg-fill  bg-loaded\" >\n\n\t\t\t\n\t\t\t\n\t\t\t\n\n\t\t<\/div>\n\n\t\t\n\n\t\t<div class=\"section-content relative\">\n\t\t\t\n\n<div class=\"row row-large align-middle\"  id=\"row-1754709768\">\n\n\n\t<div id=\"col-1156500089\" class=\"col medium-6 small-12 large-6\"  >\n\t\t\t\t<div class=\"col-inner\"  >\n\t\t\t\n\t\t\t\n\n\t<div class=\"img has-hover x md-x lg-x y md-y lg-y\" id=\"image_143590423\">\n\t\t\t\t\t\t\t\t<div class=\"img-inner dark\" >\n\t\t\t<img loading=\"lazy\" decoding=\"async\" width=\"1020\" height=\"680\" src=\"https:\/\/teknopress.se\/wp-content\/uploads\/2022\/09\/IMG_7560-1024x683.jpg\" class=\"attachment-large size-large\" alt=\"\" srcset=\"https:\/\/teknopress.se\/wp-content\/uploads\/2022\/09\/IMG_7560-1024x683.jpg 1024w, https:\/\/teknopress.se\/wp-content\/uploads\/2022\/09\/IMG_7560-700x467.jpg 700w, https:\/\/teknopress.se\/wp-content\/uploads\/2022\/09\/IMG_7560-300x200.jpg 300w, https:\/\/teknopress.se\/wp-content\/uploads\/2022\/09\/IMG_7560-768x512.jpg 768w, https:\/\/teknopress.se\/wp-content\/uploads\/2022\/09\/IMG_7560-1536x1024.jpg 1536w, https:\/\/teknopress.se\/wp-content\/uploads\/2022\/09\/IMG_7560.jpg 1920w\" sizes=\"auto, (max-width: 1020px) 100vw, 1020px\" \/>\t\t\t\t\t\t\n\t\t\t\t\t<\/div>\n\t\t\t\t\t\t\t\t\n<style>\n#image_143590423 {\n  width: 100%;\n}\n<\/style>\n\t<\/div>\n\t\n\n\n\t\t<\/div>\n\t\t\t\t\t<\/div>\n\n\t\n\n\t<div id=\"col-490840815\" class=\"col medium-6 small-12 large-6\"  >\n\t\t\t\t<div class=\"col-inner\"  >\n\t\t\t\n\t\t\t\n\n\t<div id=\"text-3619705532\" class=\"text\">\n\t\t\n\n<h2>About Teknopress<\/h2>\n\t\t\n<style>\n#text-3619705532 {\n  font-size: 1.3rem;\n}\n<\/style>\n\t<\/div>\n\t\n\t<div id=\"text-3239024353\" class=\"text\">\n\t\t\n\n<p>Teknopress in Ljungby, Sweden is a leading manufacturer of injection molded and compression molded thermoset parts for the industry. At Teknopress you can work as a machine operator, fitter, logistician, work management, production improvement, technical development, administration, quality, etc.<br>We have a large machinery park and about 20 robots and are in constant need of streamlining and optimizing production.<\/p>\n\t\t\n<style>\n#text-3239024353 {\n  font-size: 1.2rem;\n}\n<\/style>\n\t<\/div>\n\t\n<a href=\"https:\/\/teknopress.se\/en\/about-us\/\" target=\"_self\" class=\"button primary is-underline\"  >\n    <span>Read more<\/span>\n  <\/a>\n\n\n\n\t\t<\/div>\n\t\t\t\t\t<\/div>\n\n\t\n\n<\/div>\n\n\t\t<\/div>\n\n\t\t\n<style>\n#section_1090590527 {\n  padding-top: 30px;\n  padding-bottom: 30px;\n}\n#section_1090590527 .ux-shape-divider--top svg {\n  height: 150px;\n  --divider-top-width: 100%;\n}\n#section_1090590527 .ux-shape-divider--bottom svg {\n  height: 150px;\n  --divider-width: 100%;\n}\n<\/style>\n\t<\/section>\n\t\n\t<section class=\"section\" id=\"section_145198081\">\n\t\t<div class=\"bg section-bg fill bg-fill  bg-loaded\" >\n\n\t\t\t\n\t\t\t\n\t\t\t\n\n\t\t<\/div>\n\n\t\t\n\n\t\t<div class=\"section-content relative\">\n\t\t\t\n\n<div class=\"row align-right\"  id=\"row-114478097\">\n\n\n\t<div id=\"col-251105473\" class=\"col medium-9 small-12 large-9\"  >\n\t\t\t\t<div class=\"col-inner\"  >\n\t\t\t\n\t\t\t\n\n\n  <div class=\"banner has-hover\" id=\"banner-1946011503\">\n          <div class=\"banner-inner fill\">\n        <div class=\"banner-bg fill\" >\n            <div class=\"bg fill bg-fill \"><\/div>\n                                    \n                    <\/div>\n\t\t\n        <div class=\"banner-layers container\">\n            <div class=\"fill banner-link\"><\/div>            \n\n\n        <\/div>\n      <\/div>\n\n            \n<style>\n#banner-1946011503 {\n  padding-top: 500px;\n}\n#banner-1946011503 .bg.bg-loaded {\n  background-image: url(https:\/\/teknopress.se\/wp-content\/uploads\/2022\/09\/IMG_7319-1024x683.jpg);\n}\n#banner-1946011503 .ux-shape-divider--top svg {\n  height: 150px;\n  --divider-top-width: 100%;\n}\n#banner-1946011503 .ux-shape-divider--bottom svg {\n  height: 150px;\n  --divider-width: 100%;\n}\n<\/style>\n  <\/div>\n\n\n\n\t\t<\/div>\n\t\t\t\t\n<style>\n#col-251105473 > .col-inner {\n  margin: 0px 0px -55px 0px;\n}\n<\/style>\n\t<\/div>\n\n\t\n\n<\/div>\n<div class=\"row\"  id=\"row-1733097609\">\n\n\n\t<div id=\"col-579738206\" class=\"col medium-6 small-12 large-6\"  >\n\t\t\t\t<div class=\"col-inner\" style=\"background-color:rgba(255, 255, 255, 0.9);\" >\n\t\t\t\n\t\t\t\n\n<h2>Working at Teknopress<\/h2>\n<p>Working at Teknopress is like being part of a big family. We work and have fun together. Our customers are mainly large industrial companies with operations in Sweden. Our suppliers are primarily European or Swedish companies. Our employees are between 18-80 years old, both men and women, and come from about 15 different countries.<\/p>\n\n\t\t<\/div>\n\t\t\t\t\n<style>\n#col-579738206 > .col-inner {\n  padding: 10% 10% 8% 10%;\n  margin: -395px 0px 0px 0px;\n}\n<\/style>\n\t<\/div>\n\n\t\n\n<\/div>\n\n\t\t<\/div>\n\n\t\t\n<style>\n#section_145198081 {\n  padding-top: 80px;\n  padding-bottom: 80px;\n  background-color: rgb(247, 246, 242);\n}\n#section_145198081 .ux-shape-divider--top svg {\n  height: 150px;\n  --divider-top-width: 100%;\n}\n#section_145198081 .ux-shape-divider--bottom svg {\n  height: 150px;\n  --divider-width: 100%;\n}\n<\/style>\n\t<\/section>\n\t\n\t<section class=\"section\" id=\"section_1380139528\">\n\t\t<div class=\"bg section-bg fill bg-fill  bg-loaded\" >\n\n\t\t\t\n\t\t\t\n\t\t\t\n\n\t\t<\/div>\n\n\t\t\n\n\t\t<div class=\"section-content relative\">\n\t\t\t\n\n<div class=\"row align-center\"  id=\"row-1900495195\">\n\n\n\t<div id=\"col-1718373951\" class=\"col medium-9 small-12 large-9\"  >\n\t\t\t\t<div class=\"col-inner\"  >\n\t\t\t\n\t\t\t\n\n\t<div id=\"text-1810530173\" class=\"text\">\n\t\t\n\n<h2>Welcome with your application<\/h2>\n\t\t\n<style>\n#text-1810530173 {\n  font-size: 1.4rem;\n  text-align: center;\n}\n<\/style>\n\t<\/div>\n\t\n\n\t\t<\/div>\n\t\t\t\t\t<\/div>\n\n\t\n\n<\/div>\n  <div class=\"banner-grid-wrapper\">\n  <div id=\"banner-grid-726588869\" class=\"banner-grid row row-grid row-small\" data-packery-options=\"\">\n                      \n\n<div class=\"col grid-col large-6 grid-col-1\" ><div class=\"col-inner\">\n\n\t<div class=\"img has-hover x md-x lg-x y md-y lg-y\" id=\"image_1733958897\">\n\t\t\t\t\t\t\t\t<div class=\"img-inner dark\" >\n\t\t\t<img loading=\"lazy\" decoding=\"async\" width=\"1920\" height=\"1280\" src=\"https:\/\/teknopress.se\/wp-content\/uploads\/2025\/09\/teknopress_image_2025_051.jpg\" class=\"attachment-original size-original\" alt=\"\" srcset=\"https:\/\/teknopress.se\/wp-content\/uploads\/2025\/09\/teknopress_image_2025_051.jpg 1920w, https:\/\/teknopress.se\/wp-content\/uploads\/2025\/09\/teknopress_image_2025_051-300x200.jpg 300w, https:\/\/teknopress.se\/wp-content\/uploads\/2025\/09\/teknopress_image_2025_051-1024x683.jpg 1024w, https:\/\/teknopress.se\/wp-content\/uploads\/2025\/09\/teknopress_image_2025_051-768x512.jpg 768w, https:\/\/teknopress.se\/wp-content\/uploads\/2025\/09\/teknopress_image_2025_051-1536x1024.jpg 1536w, https:\/\/teknopress.se\/wp-content\/uploads\/2025\/09\/teknopress_image_2025_051-700x467.jpg 700w\" sizes=\"auto, (max-width: 1920px) 100vw, 1920px\" \/>\t\t\t\t\t\t\n\t\t\t\t\t<\/div>\n\t\t\t\t\t\t\t\t\n<style>\n#image_1733958897 {\n  width: 100%;\n}\n<\/style>\n\t<\/div>\n\t\n\n\n<\/div><\/div>\n<div class=\"col grid-col large-3 grid-col-1\" ><div class=\"col-inner\">\n\n\t<div class=\"img has-hover x md-x lg-x y md-y lg-y\" id=\"image_43532814\">\n\t\t\t\t\t\t\t\t<div class=\"img-inner dark\" >\n\t\t\t<img loading=\"lazy\" decoding=\"async\" width=\"683\" height=\"1024\" src=\"https:\/\/teknopress.se\/wp-content\/uploads\/2022\/09\/IMG_7329-683x1024.jpg\" class=\"attachment-large size-large\" alt=\"\" srcset=\"https:\/\/teknopress.se\/wp-content\/uploads\/2022\/09\/IMG_7329-683x1024.jpg 683w, https:\/\/teknopress.se\/wp-content\/uploads\/2022\/09\/IMG_7329-scaled-700x1049.jpg 700w, https:\/\/teknopress.se\/wp-content\/uploads\/2022\/09\/IMG_7329-200x300.jpg 200w, https:\/\/teknopress.se\/wp-content\/uploads\/2022\/09\/IMG_7329-768x1151.jpg 768w, https:\/\/teknopress.se\/wp-content\/uploads\/2022\/09\/IMG_7329-1025x1536.jpg 1025w, https:\/\/teknopress.se\/wp-content\/uploads\/2022\/09\/IMG_7329-1367x2048.jpg 1367w, https:\/\/teknopress.se\/wp-content\/uploads\/2022\/09\/IMG_7329-scaled.jpg 1708w\" sizes=\"auto, (max-width: 683px) 100vw, 683px\" \/>\t\t\t\t\t\t\n\t\t\t\t\t<\/div>\n\t\t\t\t\t\t\t\t\n<style>\n#image_43532814 {\n  width: 100%;\n}\n<\/style>\n\t<\/div>\n\t\n\n\n<\/div><\/div>\n<div class=\"col grid-col large-3 grid-col-1-2\" ><div class=\"col-inner\">\n\n\t<div class=\"img has-hover x md-x lg-x y md-y lg-y\" id=\"image_1501648126\">\n\t\t\t\t\t\t\t\t<div class=\"img-inner dark\" >\n\t\t\t<img loading=\"lazy\" decoding=\"async\" width=\"1020\" height=\"680\" src=\"https:\/\/teknopress.se\/wp-content\/uploads\/2022\/09\/IMG_7326-1024x683.jpg\" class=\"attachment-large size-large\" alt=\"\" srcset=\"https:\/\/teknopress.se\/wp-content\/uploads\/2022\/09\/IMG_7326-1024x683.jpg 1024w, https:\/\/teknopress.se\/wp-content\/uploads\/2022\/09\/IMG_7326-700x467.jpg 700w, https:\/\/teknopress.se\/wp-content\/uploads\/2022\/09\/IMG_7326-300x200.jpg 300w, https:\/\/teknopress.se\/wp-content\/uploads\/2022\/09\/IMG_7326-768x512.jpg 768w, https:\/\/teknopress.se\/wp-content\/uploads\/2022\/09\/IMG_7326-1536x1024.jpg 1536w, https:\/\/teknopress.se\/wp-content\/uploads\/2022\/09\/IMG_7326.jpg 1920w\" sizes=\"auto, (max-width: 1020px) 100vw, 1020px\" \/>\t\t\t\t\t\t\n\t\t\t\t\t<\/div>\n\t\t\t\t\t\t\t\t\n<style>\n#image_1501648126 {\n  width: 100%;\n}\n<\/style>\n\t<\/div>\n\t\n\n\n<\/div><\/div>\n<div class=\"col grid-col large-3 grid-col-1-2\" ><div class=\"col-inner\">\n\n\t<div class=\"img has-hover x md-x lg-x y md-y lg-y\" id=\"image_1632652419\">\n\t\t\t\t\t\t\t\t<div class=\"img-inner dark\" >\n\t\t\t<img loading=\"lazy\" decoding=\"async\" width=\"1020\" height=\"680\" src=\"https:\/\/teknopress.se\/wp-content\/uploads\/2022\/09\/IMG_7516-1024x683.jpg\" class=\"attachment-large size-large\" alt=\"\" srcset=\"https:\/\/teknopress.se\/wp-content\/uploads\/2022\/09\/IMG_7516-1024x683.jpg 1024w, https:\/\/teknopress.se\/wp-content\/uploads\/2022\/09\/IMG_7516-700x467.jpg 700w, https:\/\/teknopress.se\/wp-content\/uploads\/2022\/09\/IMG_7516-300x200.jpg 300w, https:\/\/teknopress.se\/wp-content\/uploads\/2022\/09\/IMG_7516-768x512.jpg 768w, https:\/\/teknopress.se\/wp-content\/uploads\/2022\/09\/IMG_7516-1536x1024.jpg 1536w, https:\/\/teknopress.se\/wp-content\/uploads\/2022\/09\/IMG_7516.jpg 1920w\" sizes=\"auto, (max-width: 1020px) 100vw, 1020px\" \/>\t\t\t\t\t\t\n\t\t\t\t\t<\/div>\n\t\t\t\t\t\t\t\t\n<style>\n#image_1632652419 {\n  width: 100%;\n}\n<\/style>\n\t<\/div>\n\t\n\n\n<\/div><\/div>\n\n            <\/div>\n    <style>\n    #banner-grid-726588869 .grid-col-1{height: 600px}\n    #banner-grid-726588869 .grid-col-1-2{height: 300px}\n    #banner-grid-726588869 .grid-col-1-3{height:200px}\n    #banner-grid-726588869 .grid-col-2-3{height: 400px}\n    #banner-grid-726588869 .grid-col-1-4{height: 150px}\n    #banner-grid-726588869 .grid-col-3-4{height: 450px}\n\n\n    \n    \n\n  <\/style>\n    <\/div>\n  \n\n\t\t<\/div>\n\n\t\t\n<style>\n#section_1380139528 {\n  padding-top: 50px;\n  padding-bottom: 50px;\n}\n#section_1380139528 .ux-shape-divider--top svg {\n  height: 150px;\n  --divider-top-width: 100%;\n}\n#section_1380139528 .ux-shape-divider--bottom svg {\n  height: 150px;\n  --divider-width: 100%;\n}\n<\/style>\n\t<\/section>\n\t\n\n","protected":false},"excerpt":{"rendered":"","protected":false},"author":1,"featured_media":0,"parent":0,"menu_order":0,"comment_status":"closed","ping_status":"closed","template":"page-blank.php","meta":{"footnotes":""},"class_list":["post-903","page","type-page","status-publish","hentry"],"yoast_head":"<!-- This site is optimized with the Yoast SEO plugin v27.5 - https:\/\/yoast.com\/product\/yoast-seo-wordpress\/ -->\n<title>Career - Teknopress<\/title>\n<meta name=\"robots\" content=\"index, follow, max-snippet:-1, max-image-preview:large, max-video-preview:-1\" \/>\n<link rel=\"canonical\" href=\"https:\/\/teknopress.se\/en\/career\/\" \/>\n<meta property=\"og:locale\" content=\"en_US\" \/>\n<meta property=\"og:type\" content=\"article\" \/>\n<meta property=\"og:title\" content=\"Career - Teknopress\" \/>\n<meta property=\"og:url\" content=\"https:\/\/teknopress.se\/en\/career\/\" \/>\n<meta property=\"og:site_name\" content=\"Teknopress\" \/>\n<meta property=\"article:modified_time\" content=\"2025-09-30T09:23:52+00:00\" \/>\n<meta name=\"twitter:card\" content=\"summary_large_image\" \/>\n<meta name=\"twitter:label1\" content=\"Est. reading time\" \/>\n\t<meta name=\"twitter:data1\" content=\"2 minutes\" \/>\n<script type=\"application\/ld+json\" class=\"yoast-schema-graph\">{\"@context\":\"https:\\\/\\\/schema.org\",\"@graph\":[{\"@type\":\"WebPage\",\"@id\":\"https:\\\/\\\/teknopress.se\\\/en\\\/career\\\/\",\"url\":\"https:\\\/\\\/teknopress.se\\\/en\\\/career\\\/\",\"name\":\"Career - Teknopress\",\"isPartOf\":{\"@id\":\"https:\\\/\\\/teknopress.se\\\/en\\\/#website\"},\"datePublished\":\"2022-10-19T11:10:53+00:00\",\"dateModified\":\"2025-09-30T09:23:52+00:00\",\"breadcrumb\":{\"@id\":\"https:\\\/\\\/teknopress.se\\\/en\\\/career\\\/#breadcrumb\"},\"inLanguage\":\"en-US\",\"potentialAction\":[{\"@type\":\"ReadAction\",\"target\":[\"https:\\\/\\\/teknopress.se\\\/en\\\/career\\\/\"]}]},{\"@type\":\"BreadcrumbList\",\"@id\":\"https:\\\/\\\/teknopress.se\\\/en\\\/career\\\/#breadcrumb\",\"itemListElement\":[{\"@type\":\"ListItem\",\"position\":1,\"name\":\"Hem\",\"item\":\"https:\\\/\\\/teknopress.se\\\/en\\\/home\\\/\"},{\"@type\":\"ListItem\",\"position\":2,\"name\":\"Career\"}]},{\"@type\":\"WebSite\",\"@id\":\"https:\\\/\\\/teknopress.se\\\/en\\\/#website\",\"url\":\"https:\\\/\\\/teknopress.se\\\/en\\\/\",\"name\":\"Teknopress\",\"description\":\"Din partner n\u00e4r det g\u00e4ller h\u00e4rdplast\",\"publisher\":{\"@id\":\"https:\\\/\\\/teknopress.se\\\/en\\\/#organization\"},\"potentialAction\":[{\"@type\":\"SearchAction\",\"target\":{\"@type\":\"EntryPoint\",\"urlTemplate\":\"https:\\\/\\\/teknopress.se\\\/en\\\/?s={search_term_string}\"},\"query-input\":{\"@type\":\"PropertyValueSpecification\",\"valueRequired\":true,\"valueName\":\"search_term_string\"}}],\"inLanguage\":\"en-US\"},{\"@type\":\"Organization\",\"@id\":\"https:\\\/\\\/teknopress.se\\\/en\\\/#organization\",\"name\":\"Teknopress AB\",\"url\":\"https:\\\/\\\/teknopress.se\\\/en\\\/\",\"logo\":{\"@type\":\"ImageObject\",\"inLanguage\":\"en-US\",\"@id\":\"https:\\\/\\\/teknopress.se\\\/en\\\/#\\\/schema\\\/logo\\\/image\\\/\",\"url\":\"https:\\\/\\\/teknopress.se\\\/wp-content\\\/uploads\\\/2022\\\/09\\\/teknopress-logo.png\",\"contentUrl\":\"https:\\\/\\\/teknopress.se\\\/wp-content\\\/uploads\\\/2022\\\/09\\\/teknopress-logo.png\",\"width\":1920,\"height\":335,\"caption\":\"Teknopress AB\"},\"image\":{\"@id\":\"https:\\\/\\\/teknopress.se\\\/en\\\/#\\\/schema\\\/logo\\\/image\\\/\"}}]}<\/script>\n<!-- \/ Yoast SEO plugin. -->","yoast_head_json":{"title":"Career - Teknopress","robots":{"index":"index","follow":"follow","max-snippet":"max-snippet:-1","max-image-preview":"max-image-preview:large","max-video-preview":"max-video-preview:-1"},"canonical":"https:\/\/teknopress.se\/en\/career\/","og_locale":"en_US","og_type":"article","og_title":"Career - Teknopress","og_url":"https:\/\/teknopress.se\/en\/career\/","og_site_name":"Teknopress","article_modified_time":"2025-09-30T09:23:52+00:00","twitter_card":"summary_large_image","twitter_misc":{"Est. reading time":"2 minutes"},"schema":{"@context":"https:\/\/schema.org","@graph":[{"@type":"WebPage","@id":"https:\/\/teknopress.se\/en\/career\/","url":"https:\/\/teknopress.se\/en\/career\/","name":"Career - Teknopress","isPartOf":{"@id":"https:\/\/teknopress.se\/en\/#website"},"datePublished":"2022-10-19T11:10:53+00:00","dateModified":"2025-09-30T09:23:52+00:00","breadcrumb":{"@id":"https:\/\/teknopress.se\/en\/career\/#breadcrumb"},"inLanguage":"en-US","potentialAction":[{"@type":"ReadAction","target":["https:\/\/teknopress.se\/en\/career\/"]}]},{"@type":"BreadcrumbList","@id":"https:\/\/teknopress.se\/en\/career\/#breadcrumb","itemListElement":[{"@type":"ListItem","position":1,"name":"Hem","item":"https:\/\/teknopress.se\/en\/home\/"},{"@type":"ListItem","position":2,"name":"Career"}]},{"@type":"WebSite","@id":"https:\/\/teknopress.se\/en\/#website","url":"https:\/\/teknopress.se\/en\/","name":"Teknopress","description":"Din partner n\u00e4r det g\u00e4ller h\u00e4rdplast","publisher":{"@id":"https:\/\/teknopress.se\/en\/#organization"},"potentialAction":[{"@type":"SearchAction","target":{"@type":"EntryPoint","urlTemplate":"https:\/\/teknopress.se\/en\/?s={search_term_string}"},"query-input":{"@type":"PropertyValueSpecification","valueRequired":true,"valueName":"search_term_string"}}],"inLanguage":"en-US"},{"@type":"Organization","@id":"https:\/\/teknopress.se\/en\/#organization","name":"Teknopress AB","url":"https:\/\/teknopress.se\/en\/","logo":{"@type":"ImageObject","inLanguage":"en-US","@id":"https:\/\/teknopress.se\/en\/#\/schema\/logo\/image\/","url":"https:\/\/teknopress.se\/wp-content\/uploads\/2022\/09\/teknopress-logo.png","contentUrl":"https:\/\/teknopress.se\/wp-content\/uploads\/2022\/09\/teknopress-logo.png","width":1920,"height":335,"caption":"Teknopress AB"},"image":{"@id":"https:\/\/teknopress.se\/en\/#\/schema\/logo\/image\/"}}]}},"_links":{"self":[{"href":"https:\/\/teknopress.se\/en\/wp-json\/wp\/v2\/pages\/903","targetHints":{"allow":["GET"]}}],"collection":[{"href":"https:\/\/teknopress.se\/en\/wp-json\/wp\/v2\/pages"}],"about":[{"href":"https:\/\/teknopress.se\/en\/wp-json\/wp\/v2\/types\/page"}],"author":[{"embeddable":true,"href":"https:\/\/teknopress.se\/en\/wp-json\/wp\/v2\/users\/1"}],"replies":[{"embeddable":true,"href":"https:\/\/teknopress.se\/en\/wp-json\/wp\/v2\/comments?post=903"}],"version-history":[{"count":6,"href":"https:\/\/teknopress.se\/en\/wp-json\/wp\/v2\/pages\/903\/revisions"}],"predecessor-version":[{"id":1350,"href":"https:\/\/teknopress.se\/en\/wp-json\/wp\/v2\/pages\/903\/revisions\/1350"}],"wp:attachment":[{"href":"https:\/\/teknopress.se\/en\/wp-json\/wp\/v2\/media?parent=903"}],"curies":[{"name":"wp","href":"https:\/\/api.w.org\/{rel}","templated":true}]}}