{"id":905,"date":"2022-10-17T10:22:20","date_gmt":"2022-10-17T08:22:20","guid":{"rendered":"https:\/\/teknopress.se\/products\/"},"modified":"2022-11-19T13:05:34","modified_gmt":"2022-11-19T12:05:34","slug":"products","status":"publish","type":"page","link":"https:\/\/teknopress.se\/en\/products\/","title":{"rendered":"Products"},"content":{"rendered":"\n\t<section class=\"section\" id=\"section_2046065261\">\n\t\t<div class=\"bg section-bg fill bg-fill  \" >\n\n\t\t\t\n\t\t\t<div class=\"section-bg-overlay absolute fill\"><\/div>\n\t\t\t\n\t<div class=\"is-border\"\n\t\tstyle=\"border-color:rgb(235, 235, 235);border-width:1px 0px 0px 0px;\">\n\t<\/div>\n\n\t\t<\/div>\n\n\t\t\n\n\t\t<div class=\"section-content relative\">\n\t\t\t\n\n<div class=\"row align-middle\"  id=\"row-24184051\">\n\n\n\t<div id=\"col-312949973\" class=\"col no_padding_below small-12 large-12\"  >\n\t\t\t\t<div class=\"col-inner\"  >\n\t\t\t\n\t\t\t\n\n\t<div id=\"text-2584248551\" class=\"text\">\n\t\t\n\n<h1 style=\"font-size:42px;\" class=\"uppercase\">Products<\/h1>\n<p>A selection of what we manufacture.<\/p>\n\t\t\n<style>\n#text-2584248551 {\n  line-height: 0.75;\n  text-align: center;\n  color: rgb(255,255,255);\n}\n#text-2584248551 > * {\n  color: rgb(255,255,255);\n}\n<\/style>\n\t<\/div>\n\t\n\n\t\t<\/div>\n\t\t\t\t\n<style>\n#col-312949973 > .col-inner {\n  padding: 16px 0px 0px 0px;\n}\n<\/style>\n\t<\/div>\n\n\t\n\n<\/div>\n\n\t\t<\/div>\n\n\t\t\n<style>\n#section_2046065261 {\n  padding-top: 17px;\n  padding-bottom: 17px;\n  min-height: 350px;\n  background-color: rgb(245, 245, 245);\n}\n#section_2046065261 .section-bg-overlay {\n  background-color: rgba(0,0,0,.5);\n}\n#section_2046065261 .section-bg.bg-loaded {\n  background-image: url(https:\/\/teknopress.se\/wp-content\/uploads\/2022\/09\/IMG_7585.jpg);\n}\n#section_2046065261 .ux-shape-divider--top svg {\n  height: 150px;\n  --divider-top-width: 100%;\n}\n#section_2046065261 .ux-shape-divider--bottom svg {\n  height: 150px;\n  --divider-width: 100%;\n}\n<\/style>\n\t<\/section>\n\t\n<div class=\"row\"  id=\"row-697587914\">\n\n\n\t<div id=\"col-1363922034\" class=\"col small-12 large-12\"  >\n\t\t\t\t<div class=\"col-inner\"  >\n\t\t\t\n\t\t\t\n\n\t<div id=\"gap-460340459\" class=\"gap-element clearfix\" style=\"display:block; height:auto;\">\n\t\t\n<style>\n#gap-460340459 {\n  padding-top: 30px;\n}\n<\/style>\n\t<\/div>\n\t\n\n\n  \n    <div class=\"row large-columns-4 medium-columns-3 small-columns-2 row-small\">\n  \t\n\t     <div class=\"product-small col has-hover product type-product post-914 status-publish first instock product_cat-products has-post-thumbnail shipping-taxable product-type-simple\">\n\t<div class=\"col-inner\">\n\t\n<div class=\"badge-container absolute left top z-1\">\n\n<\/div>\n\t<div class=\"product-small box \">\n\t\t<div class=\"box-image\">\n\t\t\t<div class=\"image-fade_in_back\">\n\t\t\t\t<a href=\"https:\/\/teknopress.se\/en\/product\/base\/\" aria-label=\"Base\">\n\t\t\t\t\t<img loading=\"lazy\" decoding=\"async\" width=\"400\" height=\"400\" src=\"https:\/\/teknopress.se\/wp-content\/uploads\/2022\/11\/72686170-N3aRT-400x400.jpg\" class=\"attachment-woocommerce_thumbnail size-woocommerce_thumbnail\" alt=\"Base\" srcset=\"https:\/\/teknopress.se\/wp-content\/uploads\/2022\/11\/72686170-N3aRT-400x400.jpg 400w, https:\/\/teknopress.se\/wp-content\/uploads\/2022\/11\/72686170-N3aRT-150x150.jpg 150w, https:\/\/teknopress.se\/wp-content\/uploads\/2022\/11\/72686170-N3aRT-100x100.jpg 100w\" sizes=\"auto, (max-width: 400px) 100vw, 400px\" \/>\t\t\t\t<\/a>\n\t\t\t<\/div>\n\t\t\t<div class=\"image-tools is-small top right show-on-hover\">\n\t\t\t\t\t\t\t<\/div>\n\t\t\t<div class=\"image-tools is-small hide-for-small bottom left show-on-hover\">\n\t\t\t\t\t\t\t<\/div>\n\t\t\t<div class=\"image-tools grid-tools text-center hide-for-small bottom hover-slide-in show-on-hover\">\n\t\t\t\t  <a class=\"quick-view\" data-prod=\"914\" href=\"#quick-view\">Quick View<\/a>\t\t\t<\/div>\n\t\t\t\t\t<\/div>\n\n\t\t<div class=\"box-text box-text-products\">\n\t\t\t<div class=\"title-wrapper\"><p class=\"name product-title woocommerce-loop-product__title\"><a href=\"https:\/\/teknopress.se\/en\/product\/base\/\" class=\"woocommerce-LoopProduct-link woocommerce-loop-product__link\">Base<\/a><\/p><\/div><div class=\"price-wrapper\"><strong>Dimensions:<\/strong> 345x85x50mm<br \/>\n<strong>Weight:<\/strong> 595g<br \/>\n<br \/>\n<strong>Manufacturing method:<\/strong> Injection molding<\/div>\t\t<\/div>\n\t<\/div>\n\t\t<\/div>\n<\/div><div class=\"product-small col has-hover product type-product post-913 status-publish instock product_cat-products has-post-thumbnail shipping-taxable product-type-simple\">\n\t<div class=\"col-inner\">\n\t\n<div class=\"badge-container absolute left top z-1\">\n\n<\/div>\n\t<div class=\"product-small box \">\n\t\t<div class=\"box-image\">\n\t\t\t<div class=\"image-fade_in_back\">\n\t\t\t\t<a href=\"https:\/\/teknopress.se\/en\/product\/drawer-made-of-laminate\/\" aria-label=\"Drawer made of laminate\">\n\t\t\t\t\t<img loading=\"lazy\" decoding=\"async\" width=\"400\" height=\"400\" src=\"https:\/\/teknopress.se\/wp-content\/uploads\/2022\/11\/18560677-Qrwle-400x400.jpg\" class=\"attachment-woocommerce_thumbnail size-woocommerce_thumbnail\" alt=\"Drawer made of laminate\" srcset=\"https:\/\/teknopress.se\/wp-content\/uploads\/2022\/11\/18560677-Qrwle-400x400.jpg 400w, https:\/\/teknopress.se\/wp-content\/uploads\/2022\/11\/18560677-Qrwle-150x150.jpg 150w, https:\/\/teknopress.se\/wp-content\/uploads\/2022\/11\/18560677-Qrwle-100x100.jpg 100w\" sizes=\"auto, (max-width: 400px) 100vw, 400px\" \/>\t\t\t\t<\/a>\n\t\t\t<\/div>\n\t\t\t<div class=\"image-tools is-small top right show-on-hover\">\n\t\t\t\t\t\t\t<\/div>\n\t\t\t<div class=\"image-tools is-small hide-for-small bottom left show-on-hover\">\n\t\t\t\t\t\t\t<\/div>\n\t\t\t<div class=\"image-tools grid-tools text-center hide-for-small bottom hover-slide-in show-on-hover\">\n\t\t\t\t  <a class=\"quick-view\" data-prod=\"913\" href=\"#quick-view\">Quick View<\/a>\t\t\t<\/div>\n\t\t\t\t\t<\/div>\n\n\t\t<div class=\"box-text box-text-products\">\n\t\t\t<div class=\"title-wrapper\"><p class=\"name product-title woocommerce-loop-product__title\"><a href=\"https:\/\/teknopress.se\/en\/product\/drawer-made-of-laminate\/\" class=\"woocommerce-LoopProduct-link woocommerce-loop-product__link\">Drawer made of laminate<\/a><\/p><\/div><div class=\"price-wrapper\"><strong>Dimensions:<\/strong> 270x220x70mm<br \/>\n<strong>Weight:<\/strong> 745g<br \/>\n<br \/>\n<strong>Manufacturing method:<\/strong> Injection molding<\/div>\t\t<\/div>\n\t<\/div>\n\t\t<\/div>\n<\/div><div class=\"product-small col has-hover product type-product post-912 status-publish instock product_cat-products has-post-thumbnail shipping-taxable product-type-simple\">\n\t<div class=\"col-inner\">\n\t\n<div class=\"badge-container absolute left top z-1\">\n\n<\/div>\n\t<div class=\"product-small box \">\n\t\t<div class=\"box-image\">\n\t\t\t<div class=\"image-fade_in_back\">\n\t\t\t\t<a href=\"https:\/\/teknopress.se\/en\/product\/rotor-cover-lower\/\" aria-label=\"Rotor cover Lower\">\n\t\t\t\t\t<img loading=\"lazy\" decoding=\"async\" width=\"400\" height=\"400\" src=\"https:\/\/teknopress.se\/wp-content\/uploads\/2022\/11\/18475497-NE1PQ-400x400.jpg\" class=\"attachment-woocommerce_thumbnail size-woocommerce_thumbnail\" alt=\"Rotor cover Lower\" srcset=\"https:\/\/teknopress.se\/wp-content\/uploads\/2022\/11\/18475497-NE1PQ-400x400.jpg 400w, https:\/\/teknopress.se\/wp-content\/uploads\/2022\/11\/18475497-NE1PQ-150x150.jpg 150w, https:\/\/teknopress.se\/wp-content\/uploads\/2022\/11\/18475497-NE1PQ-100x100.jpg 100w\" sizes=\"auto, (max-width: 400px) 100vw, 400px\" \/>\t\t\t\t<\/a>\n\t\t\t<\/div>\n\t\t\t<div class=\"image-tools is-small top right show-on-hover\">\n\t\t\t\t\t\t\t<\/div>\n\t\t\t<div class=\"image-tools is-small hide-for-small bottom left show-on-hover\">\n\t\t\t\t\t\t\t<\/div>\n\t\t\t<div class=\"image-tools grid-tools text-center hide-for-small bottom hover-slide-in show-on-hover\">\n\t\t\t\t  <a class=\"quick-view\" data-prod=\"912\" href=\"#quick-view\">Quick View<\/a>\t\t\t<\/div>\n\t\t\t\t\t<\/div>\n\n\t\t<div class=\"box-text box-text-products\">\n\t\t\t<div class=\"title-wrapper\"><p class=\"name product-title woocommerce-loop-product__title\"><a href=\"https:\/\/teknopress.se\/en\/product\/rotor-cover-lower\/\" class=\"woocommerce-LoopProduct-link woocommerce-loop-product__link\">Rotor cover Lower<\/a><\/p><\/div><div class=\"price-wrapper\"><strong>Dimensions:<\/strong> 940x750x195mm<br \/>\n<strong>Weight:<\/strong> 10,4kg<br \/>\n<br \/>\nMounted dehumidifier.<br \/>\n<strong>Manufacturing method:<\/strong> RTM<\/div>\t\t<\/div>\n\t<\/div>\n\t\t<\/div>\n<\/div><div class=\"product-small col has-hover product type-product post-909 status-publish last instock product_cat-products has-post-thumbnail shipping-taxable product-type-simple\">\n\t<div class=\"col-inner\">\n\t\n<div class=\"badge-container absolute left top z-1\">\n\n<\/div>\n\t<div class=\"product-small box \">\n\t\t<div class=\"box-image\">\n\t\t\t<div class=\"image-fade_in_back\">\n\t\t\t\t<a href=\"https:\/\/teknopress.se\/en\/product\/filter-plate\/\" aria-label=\"Filter plate\">\n\t\t\t\t\t<img loading=\"lazy\" decoding=\"async\" width=\"400\" height=\"400\" src=\"https:\/\/teknopress.se\/wp-content\/uploads\/2022\/11\/18464981-UGLH2-400x400.jpg\" class=\"attachment-woocommerce_thumbnail size-woocommerce_thumbnail\" alt=\"Filter plate\" srcset=\"https:\/\/teknopress.se\/wp-content\/uploads\/2022\/11\/18464981-UGLH2-400x400.jpg 400w, https:\/\/teknopress.se\/wp-content\/uploads\/2022\/11\/18464981-UGLH2-150x150.jpg 150w, https:\/\/teknopress.se\/wp-content\/uploads\/2022\/11\/18464981-UGLH2-100x100.jpg 100w\" sizes=\"auto, (max-width: 400px) 100vw, 400px\" \/>\t\t\t\t<\/a>\n\t\t\t<\/div>\n\t\t\t<div class=\"image-tools is-small top right show-on-hover\">\n\t\t\t\t\t\t\t<\/div>\n\t\t\t<div class=\"image-tools is-small hide-for-small bottom left show-on-hover\">\n\t\t\t\t\t\t\t<\/div>\n\t\t\t<div class=\"image-tools grid-tools text-center hide-for-small bottom hover-slide-in show-on-hover\">\n\t\t\t\t  <a class=\"quick-view\" data-prod=\"909\" href=\"#quick-view\">Quick View<\/a>\t\t\t<\/div>\n\t\t\t\t\t<\/div>\n\n\t\t<div class=\"box-text box-text-products\">\n\t\t\t<div class=\"title-wrapper\"><p class=\"name product-title woocommerce-loop-product__title\"><a href=\"https:\/\/teknopress.se\/en\/product\/filter-plate\/\" class=\"woocommerce-LoopProduct-link woocommerce-loop-product__link\">Filter plate<\/a><\/p><\/div><div class=\"price-wrapper\"><strong>Dimensions:<\/strong> 1140x1350x50mm<br \/>\n<strong>Weight:<\/strong> 35g<br \/>\n<br \/>\n\u200bUsed as a filter holder.<br \/>\n<strong>Manufacturing method:<\/strong> Molding<\/div>\t\t<\/div>\n\t<\/div>\n\t\t<\/div>\n<\/div><div class=\"product-small col has-hover product type-product post-911 status-publish first instock product_cat-products has-post-thumbnail shipping-taxable product-type-simple\">\n\t<div class=\"col-inner\">\n\t\n<div class=\"badge-container absolute left top z-1\">\n\n<\/div>\n\t<div class=\"product-small box \">\n\t\t<div class=\"box-image\">\n\t\t\t<div class=\"image-fade_in_back\">\n\t\t\t\t<a href=\"https:\/\/teknopress.se\/en\/product\/pd-fixed-part\/\" aria-label=\"PD fixed part\">\n\t\t\t\t\t<img loading=\"lazy\" decoding=\"async\" width=\"400\" height=\"400\" src=\"https:\/\/teknopress.se\/wp-content\/uploads\/2022\/10\/18475493-CTzNj-400x400.jpg\" class=\"attachment-woocommerce_thumbnail size-woocommerce_thumbnail\" alt=\"PD fixed part\" srcset=\"https:\/\/teknopress.se\/wp-content\/uploads\/2022\/10\/18475493-CTzNj-400x400.jpg 400w, https:\/\/teknopress.se\/wp-content\/uploads\/2022\/10\/18475493-CTzNj-150x150.jpg 150w, https:\/\/teknopress.se\/wp-content\/uploads\/2022\/10\/18475493-CTzNj-100x100.jpg 100w\" sizes=\"auto, (max-width: 400px) 100vw, 400px\" \/>\t\t\t\t<\/a>\n\t\t\t<\/div>\n\t\t\t<div class=\"image-tools is-small top right show-on-hover\">\n\t\t\t\t\t\t\t<\/div>\n\t\t\t<div class=\"image-tools is-small hide-for-small bottom left show-on-hover\">\n\t\t\t\t\t\t\t<\/div>\n\t\t\t<div class=\"image-tools grid-tools text-center hide-for-small bottom hover-slide-in show-on-hover\">\n\t\t\t\t  <a class=\"quick-view\" data-prod=\"911\" href=\"#quick-view\">Quick View<\/a>\t\t\t<\/div>\n\t\t\t\t\t<\/div>\n\n\t\t<div class=\"box-text box-text-products\">\n\t\t\t<div class=\"title-wrapper\"><p class=\"name product-title woocommerce-loop-product__title\"><a href=\"https:\/\/teknopress.se\/en\/product\/pd-fixed-part\/\" class=\"woocommerce-LoopProduct-link woocommerce-loop-product__link\">PD fixed part<\/a><\/p><\/div><div class=\"price-wrapper\"><strong>Dimensions:<\/strong> 605x45x30mm<br \/>\n<strong>Weight:<\/strong> 450g<br \/>\n<br \/>\nGrips for, for example, high-voltage power plants.<br \/>\n<strong>Manufacturing method:<\/strong> Molding<br \/>\n<\/div>\t\t<\/div>\n\t<\/div>\n\t\t<\/div>\n<\/div><div class=\"product-small col has-hover product type-product post-908 status-publish instock product_cat-products has-post-thumbnail shipping-taxable product-type-simple\">\n\t<div class=\"col-inner\">\n\t\n<div class=\"badge-container absolute left top z-1\">\n\n<\/div>\n\t<div class=\"product-small box \">\n\t\t<div class=\"box-image\">\n\t\t\t<div class=\"image-fade_in_back\">\n\t\t\t\t<a href=\"https:\/\/teknopress.se\/en\/product\/contact-bridge\/\" aria-label=\"Contact bridge\">\n\t\t\t\t\t<img loading=\"lazy\" decoding=\"async\" width=\"400\" height=\"400\" src=\"https:\/\/teknopress.se\/wp-content\/uploads\/2022\/10\/18507052-Nas69-400x400.jpg\" class=\"attachment-woocommerce_thumbnail size-woocommerce_thumbnail\" alt=\"Contact bridge\" srcset=\"https:\/\/teknopress.se\/wp-content\/uploads\/2022\/10\/18507052-Nas69-400x400.jpg 400w, https:\/\/teknopress.se\/wp-content\/uploads\/2022\/10\/18507052-Nas69-150x150.jpg 150w, https:\/\/teknopress.se\/wp-content\/uploads\/2022\/10\/18507052-Nas69-100x100.jpg 100w\" sizes=\"auto, (max-width: 400px) 100vw, 400px\" \/>\t\t\t\t<\/a>\n\t\t\t<\/div>\n\t\t\t<div class=\"image-tools is-small top right show-on-hover\">\n\t\t\t\t\t\t\t<\/div>\n\t\t\t<div class=\"image-tools is-small hide-for-small bottom left show-on-hover\">\n\t\t\t\t\t\t\t<\/div>\n\t\t\t<div class=\"image-tools grid-tools text-center hide-for-small bottom hover-slide-in show-on-hover\">\n\t\t\t\t  <a class=\"quick-view\" data-prod=\"908\" href=\"#quick-view\">Quick View<\/a>\t\t\t<\/div>\n\t\t\t\t\t<\/div>\n\n\t\t<div class=\"box-text box-text-products\">\n\t\t\t<div class=\"title-wrapper\"><p class=\"name product-title woocommerce-loop-product__title\"><a href=\"https:\/\/teknopress.se\/en\/product\/contact-bridge\/\" class=\"woocommerce-LoopProduct-link woocommerce-loop-product__link\">Contact bridge<\/a><\/p><\/div><div class=\"price-wrapper\"><strong>Dimensions:<\/strong> 180x160x35mm<br \/>\n<strong>Weight:<\/strong> 220g<br \/>\n<br \/>\nBridges that turn off and on the current in contactors from 95 to 270 amps,<br \/>\n<strong>Manufacturing method:<\/strong> Injection molding<\/div>\t\t<\/div>\n\t<\/div>\n\t\t<\/div>\n<\/div><div class=\"product-small col has-hover product type-product post-910 status-publish instock product_cat-products has-post-thumbnail shipping-taxable product-type-simple\">\n\t<div class=\"col-inner\">\n\t\n<div class=\"badge-container absolute left top z-1\">\n\n<\/div>\n\t<div class=\"product-small box \">\n\t\t<div class=\"box-image\">\n\t\t\t<div class=\"image-fade_in_back\">\n\t\t\t\t<a href=\"https:\/\/teknopress.se\/en\/product\/reactor-cap\/\" aria-label=\"Reactor cover\">\n\t\t\t\t\t<img loading=\"lazy\" decoding=\"async\" width=\"400\" height=\"400\" src=\"https:\/\/teknopress.se\/wp-content\/uploads\/2022\/10\/18475512-wJ37j-400x400.jpg\" class=\"attachment-woocommerce_thumbnail size-woocommerce_thumbnail\" alt=\"Reactor cover\" srcset=\"https:\/\/teknopress.se\/wp-content\/uploads\/2022\/10\/18475512-wJ37j-400x400.jpg 400w, https:\/\/teknopress.se\/wp-content\/uploads\/2022\/10\/18475512-wJ37j-150x150.jpg 150w, https:\/\/teknopress.se\/wp-content\/uploads\/2022\/10\/18475512-wJ37j-100x100.jpg 100w\" sizes=\"auto, (max-width: 400px) 100vw, 400px\" \/>\t\t\t\t<\/a>\n\t\t\t<\/div>\n\t\t\t<div class=\"image-tools is-small top right show-on-hover\">\n\t\t\t\t\t\t\t<\/div>\n\t\t\t<div class=\"image-tools is-small hide-for-small bottom left show-on-hover\">\n\t\t\t\t\t\t\t<\/div>\n\t\t\t<div class=\"image-tools grid-tools text-center hide-for-small bottom hover-slide-in show-on-hover\">\n\t\t\t\t  <a class=\"quick-view\" data-prod=\"910\" href=\"#quick-view\">Quick View<\/a>\t\t\t<\/div>\n\t\t\t\t\t<\/div>\n\n\t\t<div class=\"box-text box-text-products\">\n\t\t\t<div class=\"title-wrapper\"><p class=\"name product-title woocommerce-loop-product__title\"><a href=\"https:\/\/teknopress.se\/en\/product\/reactor-cap\/\" class=\"woocommerce-LoopProduct-link woocommerce-loop-product__link\">Reactor cover<\/a><\/p><\/div><div class=\"price-wrapper\"><strong>Dimensions:<\/strong> \u00f8517x157mm<br \/>\n<strong>Weight:<\/strong> 3,4kg<br \/>\n<br \/>\nEncapsulation of reactor motor, for high voltage environments.<br \/>\n<strong>Manufacturing method:<\/strong> Molding<\/div>\t\t<\/div>\n\t<\/div>\n\t\t<\/div>\n<\/div><div class=\"product-small col has-hover product type-product post-907 status-publish last instock product_cat-products has-post-thumbnail shipping-taxable product-type-simple\">\n\t<div class=\"col-inner\">\n\t\n<div class=\"badge-container absolute left top z-1\">\n\n<\/div>\n\t<div class=\"product-small box \">\n\t\t<div class=\"box-image\">\n\t\t\t<div class=\"image-fade_in_back\">\n\t\t\t\t<a href=\"https:\/\/teknopress.se\/en\/product\/compression-plate\/\" aria-label=\"Compression plate\">\n\t\t\t\t\t<img loading=\"lazy\" decoding=\"async\" width=\"400\" height=\"400\" src=\"https:\/\/teknopress.se\/wp-content\/uploads\/2022\/10\/18475457-oBxUB-400x400.jpg\" class=\"attachment-woocommerce_thumbnail size-woocommerce_thumbnail\" alt=\"Compression plate\" srcset=\"https:\/\/teknopress.se\/wp-content\/uploads\/2022\/10\/18475457-oBxUB-400x400.jpg 400w, https:\/\/teknopress.se\/wp-content\/uploads\/2022\/10\/18475457-oBxUB-100x100.jpg 100w, https:\/\/teknopress.se\/wp-content\/uploads\/2022\/10\/18475457-oBxUB-150x150.jpg 150w\" sizes=\"auto, (max-width: 400px) 100vw, 400px\" \/>\t\t\t\t<\/a>\n\t\t\t<\/div>\n\t\t\t<div class=\"image-tools is-small top right show-on-hover\">\n\t\t\t\t\t\t\t<\/div>\n\t\t\t<div class=\"image-tools is-small hide-for-small bottom left show-on-hover\">\n\t\t\t\t\t\t\t<\/div>\n\t\t\t<div class=\"image-tools grid-tools text-center hide-for-small bottom hover-slide-in show-on-hover\">\n\t\t\t\t  <a class=\"quick-view\" data-prod=\"907\" href=\"#quick-view\">Quick View<\/a>\t\t\t<\/div>\n\t\t\t\t\t<\/div>\n\n\t\t<div class=\"box-text box-text-products\">\n\t\t\t<div class=\"title-wrapper\"><p class=\"name product-title woocommerce-loop-product__title\"><a href=\"https:\/\/teknopress.se\/en\/product\/compression-plate\/\" class=\"woocommerce-LoopProduct-link woocommerce-loop-product__link\">Compression plate<\/a><\/p><\/div><div class=\"price-wrapper\"><strong>Dimensions:<\/strong> 125x80x35mm<br \/>\n<strong>Weight:<\/strong> Gray = Fiberglass reinforced SMC 240g<br \/>\nBlack = Carbon fiber reinforced SMC 230g<br \/>\n<br \/>\nPart for cable entry solution for installation in marine environments.<br \/>\n<strong>Manufacturing method:<\/strong> Molding<\/div>\t\t<\/div>\n\t<\/div>\n\t\t<\/div>\n<\/div><\/div>\n\n\n\t\t<\/div>\n\t\t\t\t\t<\/div>\n\n\t\n\n<\/div>\n\n","protected":false},"excerpt":{"rendered":"","protected":false},"author":1,"featured_media":0,"parent":0,"menu_order":0,"comment_status":"closed","ping_status":"closed","template":"page-blank.php","meta":{"footnotes":""},"class_list":["post-905","page","type-page","status-publish","hentry"],"yoast_head":"<!-- This site is optimized with the Yoast SEO plugin v27.5 - https:\/\/yoast.com\/product\/yoast-seo-wordpress\/ -->\n<title>Products - Teknopress<\/title>\n<meta name=\"robots\" content=\"index, follow, max-snippet:-1, max-image-preview:large, max-video-preview:-1\" \/>\n<link rel=\"canonical\" href=\"https:\/\/teknopress.se\/en\/products\/\" \/>\n<meta property=\"og:locale\" content=\"en_US\" \/>\n<meta property=\"og:type\" content=\"article\" \/>\n<meta property=\"og:title\" content=\"Products - Teknopress\" \/>\n<meta property=\"og:url\" content=\"https:\/\/teknopress.se\/en\/products\/\" \/>\n<meta property=\"og:site_name\" content=\"Teknopress\" \/>\n<meta property=\"article:modified_time\" content=\"2022-11-19T12:05:34+00:00\" \/>\n<meta name=\"twitter:card\" content=\"summary_large_image\" \/>\n<script type=\"application\/ld+json\" class=\"yoast-schema-graph\">{\"@context\":\"https:\\\/\\\/schema.org\",\"@graph\":[{\"@type\":\"WebPage\",\"@id\":\"https:\\\/\\\/teknopress.se\\\/en\\\/products\\\/\",\"url\":\"https:\\\/\\\/teknopress.se\\\/en\\\/products\\\/\",\"name\":\"Products - Teknopress\",\"isPartOf\":{\"@id\":\"https:\\\/\\\/teknopress.se\\\/en\\\/#website\"},\"datePublished\":\"2022-10-17T08:22:20+00:00\",\"dateModified\":\"2022-11-19T12:05:34+00:00\",\"breadcrumb\":{\"@id\":\"https:\\\/\\\/teknopress.se\\\/en\\\/products\\\/#breadcrumb\"},\"inLanguage\":\"en-US\",\"potentialAction\":[{\"@type\":\"ReadAction\",\"target\":[\"https:\\\/\\\/teknopress.se\\\/en\\\/products\\\/\"]}]},{\"@type\":\"BreadcrumbList\",\"@id\":\"https:\\\/\\\/teknopress.se\\\/en\\\/products\\\/#breadcrumb\",\"itemListElement\":[{\"@type\":\"ListItem\",\"position\":1,\"name\":\"Hem\",\"item\":\"https:\\\/\\\/teknopress.se\\\/en\\\/home\\\/\"},{\"@type\":\"ListItem\",\"position\":2,\"name\":\"Products\"}]},{\"@type\":\"WebSite\",\"@id\":\"https:\\\/\\\/teknopress.se\\\/en\\\/#website\",\"url\":\"https:\\\/\\\/teknopress.se\\\/en\\\/\",\"name\":\"Teknopress\",\"description\":\"Din partner n\u00e4r det g\u00e4ller h\u00e4rdplast\",\"publisher\":{\"@id\":\"https:\\\/\\\/teknopress.se\\\/en\\\/#organization\"},\"potentialAction\":[{\"@type\":\"SearchAction\",\"target\":{\"@type\":\"EntryPoint\",\"urlTemplate\":\"https:\\\/\\\/teknopress.se\\\/en\\\/?s={search_term_string}\"},\"query-input\":{\"@type\":\"PropertyValueSpecification\",\"valueRequired\":true,\"valueName\":\"search_term_string\"}}],\"inLanguage\":\"en-US\"},{\"@type\":\"Organization\",\"@id\":\"https:\\\/\\\/teknopress.se\\\/en\\\/#organization\",\"name\":\"Teknopress AB\",\"url\":\"https:\\\/\\\/teknopress.se\\\/en\\\/\",\"logo\":{\"@type\":\"ImageObject\",\"inLanguage\":\"en-US\",\"@id\":\"https:\\\/\\\/teknopress.se\\\/en\\\/#\\\/schema\\\/logo\\\/image\\\/\",\"url\":\"https:\\\/\\\/teknopress.se\\\/wp-content\\\/uploads\\\/2022\\\/09\\\/teknopress-logo.png\",\"contentUrl\":\"https:\\\/\\\/teknopress.se\\\/wp-content\\\/uploads\\\/2022\\\/09\\\/teknopress-logo.png\",\"width\":1920,\"height\":335,\"caption\":\"Teknopress AB\"},\"image\":{\"@id\":\"https:\\\/\\\/teknopress.se\\\/en\\\/#\\\/schema\\\/logo\\\/image\\\/\"}}]}<\/script>\n<!-- \/ Yoast SEO plugin. -->","yoast_head_json":{"title":"Products - Teknopress","robots":{"index":"index","follow":"follow","max-snippet":"max-snippet:-1","max-image-preview":"max-image-preview:large","max-video-preview":"max-video-preview:-1"},"canonical":"https:\/\/teknopress.se\/en\/products\/","og_locale":"en_US","og_type":"article","og_title":"Products - Teknopress","og_url":"https:\/\/teknopress.se\/en\/products\/","og_site_name":"Teknopress","article_modified_time":"2022-11-19T12:05:34+00:00","twitter_card":"summary_large_image","schema":{"@context":"https:\/\/schema.org","@graph":[{"@type":"WebPage","@id":"https:\/\/teknopress.se\/en\/products\/","url":"https:\/\/teknopress.se\/en\/products\/","name":"Products - Teknopress","isPartOf":{"@id":"https:\/\/teknopress.se\/en\/#website"},"datePublished":"2022-10-17T08:22:20+00:00","dateModified":"2022-11-19T12:05:34+00:00","breadcrumb":{"@id":"https:\/\/teknopress.se\/en\/products\/#breadcrumb"},"inLanguage":"en-US","potentialAction":[{"@type":"ReadAction","target":["https:\/\/teknopress.se\/en\/products\/"]}]},{"@type":"BreadcrumbList","@id":"https:\/\/teknopress.se\/en\/products\/#breadcrumb","itemListElement":[{"@type":"ListItem","position":1,"name":"Hem","item":"https:\/\/teknopress.se\/en\/home\/"},{"@type":"ListItem","position":2,"name":"Products"}]},{"@type":"WebSite","@id":"https:\/\/teknopress.se\/en\/#website","url":"https:\/\/teknopress.se\/en\/","name":"Teknopress","description":"Din partner n\u00e4r det g\u00e4ller h\u00e4rdplast","publisher":{"@id":"https:\/\/teknopress.se\/en\/#organization"},"potentialAction":[{"@type":"SearchAction","target":{"@type":"EntryPoint","urlTemplate":"https:\/\/teknopress.se\/en\/?s={search_term_string}"},"query-input":{"@type":"PropertyValueSpecification","valueRequired":true,"valueName":"search_term_string"}}],"inLanguage":"en-US"},{"@type":"Organization","@id":"https:\/\/teknopress.se\/en\/#organization","name":"Teknopress AB","url":"https:\/\/teknopress.se\/en\/","logo":{"@type":"ImageObject","inLanguage":"en-US","@id":"https:\/\/teknopress.se\/en\/#\/schema\/logo\/image\/","url":"https:\/\/teknopress.se\/wp-content\/uploads\/2022\/09\/teknopress-logo.png","contentUrl":"https:\/\/teknopress.se\/wp-content\/uploads\/2022\/09\/teknopress-logo.png","width":1920,"height":335,"caption":"Teknopress AB"},"image":{"@id":"https:\/\/teknopress.se\/en\/#\/schema\/logo\/image\/"}}]}},"_links":{"self":[{"href":"https:\/\/teknopress.se\/en\/wp-json\/wp\/v2\/pages\/905","targetHints":{"allow":["GET"]}}],"collection":[{"href":"https:\/\/teknopress.se\/en\/wp-json\/wp\/v2\/pages"}],"about":[{"href":"https:\/\/teknopress.se\/en\/wp-json\/wp\/v2\/types\/page"}],"author":[{"embeddable":true,"href":"https:\/\/teknopress.se\/en\/wp-json\/wp\/v2\/users\/1"}],"replies":[{"embeddable":true,"href":"https:\/\/teknopress.se\/en\/wp-json\/wp\/v2\/comments?post=905"}],"version-history":[{"count":1,"href":"https:\/\/teknopress.se\/en\/wp-json\/wp\/v2\/pages\/905\/revisions"}],"predecessor-version":[{"id":906,"href":"https:\/\/teknopress.se\/en\/wp-json\/wp\/v2\/pages\/905\/revisions\/906"}],"wp:attachment":[{"href":"https:\/\/teknopress.se\/en\/wp-json\/wp\/v2\/media?parent=905"}],"curies":[{"name":"wp","href":"https:\/\/api.w.org\/{rel}","templated":true}]}}