{"id":917,"date":"2022-11-16T14:52:49","date_gmt":"2022-11-16T13:52:49","guid":{"rendered":"https:\/\/teknopress.se\/document\/"},"modified":"2025-09-30T11:35:58","modified_gmt":"2025-09-30T09:35:58","slug":"document","status":"publish","type":"page","link":"https:\/\/teknopress.se\/en\/document\/","title":{"rendered":"Documents"},"content":{"rendered":"\n\t<section class=\"section dark\" id=\"section_1226379574\">\n\t\t<div class=\"bg section-bg fill bg-fill  \" >\n\n\t\t\t\n\t\t\t<div class=\"section-bg-overlay absolute fill\"><\/div>\n\t\t\t\n\n\t\t<\/div>\n\n\t\t\n\n\t\t<div class=\"section-content relative\">\n\t\t\t\n\n<div class=\"row align-center\"  id=\"row-668468630\">\n\n\n\t<div id=\"col-761155716\" class=\"col no_padding_below medium-7 small-9 large-7\"  >\n\t\t\t\t<div class=\"col-inner text-center\"  >\n\t\t\t\n\t\t\t\n\n<h1 style=\"font-size:42px;\" class=\"uppercase\">Documents<\/h1>\n<p>Here we have collected various documents<\/p>\n\n\t\t<\/div>\n\t\t\t\t\t<\/div>\n\n\t\n\n<\/div>\n\n\t\t<\/div>\n\n\t\t\n<style>\n#section_1226379574 {\n  padding-top: 100px;\n  padding-bottom: 100px;\n}\n#section_1226379574 .section-bg-overlay {\n  background-color: rgba(0,0,0,.5);\n}\n#section_1226379574 .section-bg.bg-loaded {\n  background-image: url(https:\/\/teknopress.se\/wp-content\/uploads\/2025\/09\/teknopress_image_2025_086.jpg);\n}\n#section_1226379574 .section-bg {\n  background-position: 57% 69%;\n}\n#section_1226379574 .ux-shape-divider--top svg {\n  height: 150px;\n  --divider-top-width: 100%;\n}\n#section_1226379574 .ux-shape-divider--bottom svg {\n  height: 150px;\n  --divider-width: 100%;\n}\n@media (min-width:550px) {\n  #section_1226379574 {\n    padding-top: 140px;\n    padding-bottom: 140px;\n  }\n}\n@media (min-width:850px) {\n  #section_1226379574 {\n    padding-top: 100px;\n    padding-bottom: 100px;\n  }\n}\n<\/style>\n\t<\/section>\n\t\n\t<div id=\"gap-658049356\" class=\"gap-element clearfix\" style=\"display:block; height:auto;\">\n\t\t\n<style>\n#gap-658049356 {\n  padding-top: 30px;\n}\n<\/style>\n\t<\/div>\n\t\n\n\t<section class=\"section\" id=\"section_740659154\">\n\t\t<div class=\"bg section-bg fill bg-fill  bg-loaded\" >\n\n\t\t\t\n\t\t\t\n\t\t\t\n\n\t\t<\/div>\n\n\t\t\n\n\t\t<div class=\"section-content relative\">\n\t\t\t\n\n<div class=\"row\"  id=\"row-872080739\">\n\n\n\t<div id=\"col-1749515217\" class=\"col no_padding_below small-12 large-12\"  >\n\t\t\t\t<div class=\"col-inner\"  >\n\t\t\t\n\t\t\t\n\n\t<div id=\"text-2552610179\" class=\"text\">\n\t\t\n\n<h2>Documents<\/h2>\n\t\t\n<style>\n#text-2552610179 {\n  font-size: 1.3rem;\n}\n<\/style>\n\t<\/div>\n\t\n\n\t\t<\/div>\n\t\t\t\t\t<\/div>\n\n\t\n\n\n<style>\n#row-872080739 > .col > .col-inner {\n  padding: 0px 0px 8px 0px;\n}\n<\/style>\n<\/div>\n<div class=\"row align-right\"  id=\"row-1025825844\">\n\n\n\t<div id=\"col-110449036\" class=\"col small-12 large-12\"  >\n\t\t\t\t<div class=\"col-inner\"  >\n\t\t\t\n\t\t\t<div style='margin-bottom:10px; text-align:left;'><img width='20px' height='20px' src='\/wp-content\/themes\/flatsome-child\/assets\/images\/folder.png' border='0' \/>&nbsp;<a download class='underline_link' href='https:\/\/teknopress.se\/wp-content\/uploads\/2024\/10\/Personuppgiftsbehandling-Handling-of-personal-information-Visselblasartjanst-Whistleblowing-HBG-Teknopress-AB.pdf'>Personuppgiftsbehandling Handling of personal information Visselbl\u00e5sartj\u00e4nst Whistleblowing HBG Teknopress AB<\/a><\/div><div style='margin-bottom:10px; text-align:left;'><img width='20px' height='20px' src='\/wp-content\/themes\/flatsome-child\/assets\/images\/folder.png' border='0' \/>&nbsp;<a download class='underline_link' href='https:\/\/teknopress.se\/wp-content\/uploads\/2024\/10\/Visselblasartjanst-Whistleblowing-HBG-Teknopress-AB.pdf'>Visselbl\u00e5sartj\u00e4nst Whistleblowing HBG Teknopress AB<\/a><\/div><div style='margin-bottom:10px; text-align:left;'><img width='20px' height='20px' src='\/wp-content\/themes\/flatsome-child\/assets\/images\/folder.png' border='0' \/>&nbsp;<a download class='underline_link' href='https:\/\/teknopress.se\/wp-content\/uploads\/2025\/09\/1009-HBG-Teknopress-AB-en-valid-until-2028-05-31.pdf'>Teknopress Certifikat ISO 9001 och ISO 14001<\/a><\/div><div style='margin-bottom:10px; text-align:left;'><img width='20px' height='20px' src='\/wp-content\/themes\/flatsome-child\/assets\/images\/folder.png' border='0' \/>&nbsp;<a download class='underline_link' href='https:\/\/teknopress.se\/wp-content\/uploads\/2025\/09\/Quality-Environmental-Policies-Carbon-Road-Map-GHG-Goals-2025-09.pdf'>Quality & Environmental Policies, Carbon Road Map, GHG Goals, 2025-09<\/a><\/div><div style='margin-bottom:10px; text-align:left;'><img width='20px' height='20px' src='\/wp-content\/themes\/flatsome-child\/assets\/images\/folder.png' border='0' \/>&nbsp;<a download class='underline_link' href='https:\/\/teknopress.se\/wp-content\/uploads\/2025\/09\/Teknopress-Code-of-Conduct-and-Work-Environment-Policy-2025-09.pdf'>Teknopress Code of Conduct and Work Environment Policy, 2025-09<\/a><\/div><div style='margin-bottom:10px; text-align:left;'><img width='20px' height='20px' src='\/wp-content\/themes\/flatsome-child\/assets\/images\/folder.png' border='0' \/>&nbsp;<a download class='underline_link' href='https:\/\/teknopress.se\/wp-content\/uploads\/2025\/09\/Teknopress-Employee-Training-Program-2025-09.pdf'>Teknopress Employee Training Program, 2025-09<\/a><\/div><div style='margin-bottom:10px; text-align:left;'><img width='20px' height='20px' src='\/wp-content\/themes\/flatsome-child\/assets\/images\/folder.png' border='0' \/>&nbsp;<a download class='underline_link' href='https:\/\/teknopress.se\/wp-content\/uploads\/2025\/09\/Teknopress-Supplier-Code-of-Conduct-2025-09.pdf'>Teknopress Supplier Code of Conduct, 2025-09<\/a><\/div>\n\n\n\n\n\n\n\t\t<\/div>\n\t\t\t\t\t<\/div>\n\n\t\n\n<\/div>\n<div class=\"row align-right\"  id=\"row-1202346892\">\n\n\n\t<div id=\"col-462924893\" class=\"col small-12 large-12\"  >\n\t\t\t\t<div class=\"col-inner\"  >\n\t\t\t\n\t\t\t\n\n<p>Teknopress Visselbl\u00e5sartj\u00e4nst \/ Whistleblowing in cooperation with KPMG:<br \/>Link: <a target=\"_blank\" style=\"text-decoration:underline;\" href=\"https:\/\/wbreport.amo.kpmg.se\/556359-6419\" rel=\"noopener\">https:\/\/wbreport.amo.kpmg.se\/556359-6419<\/a> Phone nr: 0771402145 <\/p>\n\n\t\t<\/div>\n\t\t\t\t\t<\/div>\n\n\t\n\n<\/div>\n\n\t\t<\/div>\n\n\t\t\n<style>\n#section_740659154 {\n  padding-top: 0px;\n  padding-bottom: 0px;\n}\n#section_740659154 .ux-shape-divider--top svg {\n  height: 150px;\n  --divider-top-width: 100%;\n}\n#section_740659154 .ux-shape-divider--bottom svg {\n  height: 150px;\n  --divider-width: 100%;\n}\n<\/style>\n\t<\/section>\n\t\n\n","protected":false},"excerpt":{"rendered":"","protected":false},"author":1,"featured_media":0,"parent":0,"menu_order":0,"comment_status":"closed","ping_status":"closed","template":"page-blank.php","meta":{"footnotes":""},"class_list":["post-917","page","type-page","status-publish","hentry"],"yoast_head":"<!-- This site is optimized with the Yoast SEO plugin v27.5 - https:\/\/yoast.com\/product\/yoast-seo-wordpress\/ -->\n<title>Documents - Teknopress<\/title>\n<meta name=\"robots\" content=\"index, follow, max-snippet:-1, max-image-preview:large, max-video-preview:-1\" \/>\n<link rel=\"canonical\" href=\"https:\/\/teknopress.se\/en\/document\/\" \/>\n<meta property=\"og:locale\" content=\"en_US\" \/>\n<meta property=\"og:type\" content=\"article\" \/>\n<meta property=\"og:title\" content=\"Documents - Teknopress\" \/>\n<meta property=\"og:url\" content=\"https:\/\/teknopress.se\/en\/document\/\" \/>\n<meta property=\"og:site_name\" content=\"Teknopress\" \/>\n<meta property=\"article:modified_time\" content=\"2025-09-30T09:35:58+00:00\" \/>\n<meta name=\"twitter:card\" content=\"summary_large_image\" \/>\n<meta name=\"twitter:label1\" content=\"Est. reading time\" \/>\n\t<meta name=\"twitter:data1\" content=\"1 minute\" \/>\n<script type=\"application\/ld+json\" class=\"yoast-schema-graph\">{\"@context\":\"https:\\\/\\\/schema.org\",\"@graph\":[{\"@type\":\"WebPage\",\"@id\":\"https:\\\/\\\/teknopress.se\\\/en\\\/document\\\/\",\"url\":\"https:\\\/\\\/teknopress.se\\\/en\\\/document\\\/\",\"name\":\"Documents - Teknopress\",\"isPartOf\":{\"@id\":\"https:\\\/\\\/teknopress.se\\\/en\\\/#website\"},\"datePublished\":\"2022-11-16T13:52:49+00:00\",\"dateModified\":\"2025-09-30T09:35:58+00:00\",\"breadcrumb\":{\"@id\":\"https:\\\/\\\/teknopress.se\\\/en\\\/document\\\/#breadcrumb\"},\"inLanguage\":\"en-US\",\"potentialAction\":[{\"@type\":\"ReadAction\",\"target\":[\"https:\\\/\\\/teknopress.se\\\/en\\\/document\\\/\"]}]},{\"@type\":\"BreadcrumbList\",\"@id\":\"https:\\\/\\\/teknopress.se\\\/en\\\/document\\\/#breadcrumb\",\"itemListElement\":[{\"@type\":\"ListItem\",\"position\":1,\"name\":\"Hem\",\"item\":\"https:\\\/\\\/teknopress.se\\\/en\\\/home\\\/\"},{\"@type\":\"ListItem\",\"position\":2,\"name\":\"Documents\"}]},{\"@type\":\"WebSite\",\"@id\":\"https:\\\/\\\/teknopress.se\\\/en\\\/#website\",\"url\":\"https:\\\/\\\/teknopress.se\\\/en\\\/\",\"name\":\"Teknopress\",\"description\":\"Din partner n\u00e4r det g\u00e4ller h\u00e4rdplast\",\"publisher\":{\"@id\":\"https:\\\/\\\/teknopress.se\\\/en\\\/#organization\"},\"potentialAction\":[{\"@type\":\"SearchAction\",\"target\":{\"@type\":\"EntryPoint\",\"urlTemplate\":\"https:\\\/\\\/teknopress.se\\\/en\\\/?s={search_term_string}\"},\"query-input\":{\"@type\":\"PropertyValueSpecification\",\"valueRequired\":true,\"valueName\":\"search_term_string\"}}],\"inLanguage\":\"en-US\"},{\"@type\":\"Organization\",\"@id\":\"https:\\\/\\\/teknopress.se\\\/en\\\/#organization\",\"name\":\"Teknopress AB\",\"url\":\"https:\\\/\\\/teknopress.se\\\/en\\\/\",\"logo\":{\"@type\":\"ImageObject\",\"inLanguage\":\"en-US\",\"@id\":\"https:\\\/\\\/teknopress.se\\\/en\\\/#\\\/schema\\\/logo\\\/image\\\/\",\"url\":\"https:\\\/\\\/teknopress.se\\\/wp-content\\\/uploads\\\/2022\\\/09\\\/teknopress-logo.png\",\"contentUrl\":\"https:\\\/\\\/teknopress.se\\\/wp-content\\\/uploads\\\/2022\\\/09\\\/teknopress-logo.png\",\"width\":1920,\"height\":335,\"caption\":\"Teknopress AB\"},\"image\":{\"@id\":\"https:\\\/\\\/teknopress.se\\\/en\\\/#\\\/schema\\\/logo\\\/image\\\/\"}}]}<\/script>\n<!-- \/ Yoast SEO plugin. -->","yoast_head_json":{"title":"Documents - Teknopress","robots":{"index":"index","follow":"follow","max-snippet":"max-snippet:-1","max-image-preview":"max-image-preview:large","max-video-preview":"max-video-preview:-1"},"canonical":"https:\/\/teknopress.se\/en\/document\/","og_locale":"en_US","og_type":"article","og_title":"Documents - Teknopress","og_url":"https:\/\/teknopress.se\/en\/document\/","og_site_name":"Teknopress","article_modified_time":"2025-09-30T09:35:58+00:00","twitter_card":"summary_large_image","twitter_misc":{"Est. reading time":"1 minute"},"schema":{"@context":"https:\/\/schema.org","@graph":[{"@type":"WebPage","@id":"https:\/\/teknopress.se\/en\/document\/","url":"https:\/\/teknopress.se\/en\/document\/","name":"Documents - Teknopress","isPartOf":{"@id":"https:\/\/teknopress.se\/en\/#website"},"datePublished":"2022-11-16T13:52:49+00:00","dateModified":"2025-09-30T09:35:58+00:00","breadcrumb":{"@id":"https:\/\/teknopress.se\/en\/document\/#breadcrumb"},"inLanguage":"en-US","potentialAction":[{"@type":"ReadAction","target":["https:\/\/teknopress.se\/en\/document\/"]}]},{"@type":"BreadcrumbList","@id":"https:\/\/teknopress.se\/en\/document\/#breadcrumb","itemListElement":[{"@type":"ListItem","position":1,"name":"Hem","item":"https:\/\/teknopress.se\/en\/home\/"},{"@type":"ListItem","position":2,"name":"Documents"}]},{"@type":"WebSite","@id":"https:\/\/teknopress.se\/en\/#website","url":"https:\/\/teknopress.se\/en\/","name":"Teknopress","description":"Din partner n\u00e4r det g\u00e4ller h\u00e4rdplast","publisher":{"@id":"https:\/\/teknopress.se\/en\/#organization"},"potentialAction":[{"@type":"SearchAction","target":{"@type":"EntryPoint","urlTemplate":"https:\/\/teknopress.se\/en\/?s={search_term_string}"},"query-input":{"@type":"PropertyValueSpecification","valueRequired":true,"valueName":"search_term_string"}}],"inLanguage":"en-US"},{"@type":"Organization","@id":"https:\/\/teknopress.se\/en\/#organization","name":"Teknopress AB","url":"https:\/\/teknopress.se\/en\/","logo":{"@type":"ImageObject","inLanguage":"en-US","@id":"https:\/\/teknopress.se\/en\/#\/schema\/logo\/image\/","url":"https:\/\/teknopress.se\/wp-content\/uploads\/2022\/09\/teknopress-logo.png","contentUrl":"https:\/\/teknopress.se\/wp-content\/uploads\/2022\/09\/teknopress-logo.png","width":1920,"height":335,"caption":"Teknopress AB"},"image":{"@id":"https:\/\/teknopress.se\/en\/#\/schema\/logo\/image\/"}}]}},"_links":{"self":[{"href":"https:\/\/teknopress.se\/en\/wp-json\/wp\/v2\/pages\/917","targetHints":{"allow":["GET"]}}],"collection":[{"href":"https:\/\/teknopress.se\/en\/wp-json\/wp\/v2\/pages"}],"about":[{"href":"https:\/\/teknopress.se\/en\/wp-json\/wp\/v2\/types\/page"}],"author":[{"embeddable":true,"href":"https:\/\/teknopress.se\/en\/wp-json\/wp\/v2\/users\/1"}],"replies":[{"embeddable":true,"href":"https:\/\/teknopress.se\/en\/wp-json\/wp\/v2\/comments?post=917"}],"version-history":[{"count":8,"href":"https:\/\/teknopress.se\/en\/wp-json\/wp\/v2\/pages\/917\/revisions"}],"predecessor-version":[{"id":1359,"href":"https:\/\/teknopress.se\/en\/wp-json\/wp\/v2\/pages\/917\/revisions\/1359"}],"wp:attachment":[{"href":"https:\/\/teknopress.se\/en\/wp-json\/wp\/v2\/media?parent=917"}],"curies":[{"name":"wp","href":"https:\/\/api.w.org\/{rel}","templated":true}]}}