{"id":908,"date":"2022-10-17T11:43:30","date_gmt":"2022-10-17T09:43:30","guid":{"rendered":"https:\/\/teknopress.se\/produkt\/contact-bridge\/"},"modified":"2022-10-17T11:43:30","modified_gmt":"2022-10-17T09:43:30","slug":"contact-bridge","status":"publish","type":"product","link":"https:\/\/teknopress.se\/en\/product\/contact-bridge\/","title":{"rendered":"Contact bridge"},"content":{"rendered":"","protected":false},"excerpt":{"rendered":"<p><strong>Dimensions:<\/strong> 180x160x35mm<br \/>\n<strong>Weight:<\/strong> 220g<\/p>\n<p>Bridges that turn off and on the current in contactors from 95 to 270 amps,<br \/>\n<strong>Manufacturing method:<\/strong> Injection molding<\/p>\n","protected":false},"featured_media":832,"template":"","meta":[],"product_brand":[],"product_cat":[32],"product_tag":[],"class_list":{"0":"post-908","1":"product","2":"type-product","3":"status-publish","4":"has-post-thumbnail","6":"product_cat-products","8":"first","9":"instock","10":"shipping-taxable","11":"product-type-simple"},"yoast_head":"<!-- This site is optimized with the Yoast SEO plugin v26.9 - https:\/\/yoast.com\/product\/yoast-seo-wordpress\/ -->\n<title>Contact bridge - Teknopress<\/title>\n<meta name=\"robots\" content=\"index, follow, max-snippet:-1, max-image-preview:large, max-video-preview:-1\" \/>\n<link rel=\"canonical\" href=\"https:\/\/teknopress.se\/en\/product\/contact-bridge\/\" \/>\n<meta property=\"og:locale\" content=\"en_US\" \/>\n<meta property=\"og:type\" content=\"article\" \/>\n<meta property=\"og:title\" content=\"Contact bridge - Teknopress\" \/>\n<meta property=\"og:description\" content=\"Dimensions: 180x160x35mm Weight: 220g Bridges that turn off and on the current in contactors from 95 to 270 amps, Manufacturing method: Injection molding\" \/>\n<meta property=\"og:url\" content=\"https:\/\/teknopress.se\/en\/product\/contact-bridge\/\" \/>\n<meta property=\"og:site_name\" content=\"Teknopress\" \/>\n<meta property=\"og:image\" content=\"https:\/\/teknopress.se\/wp-content\/uploads\/2022\/10\/18507052-Nas69.jpg\" \/>\n\t<meta property=\"og:image:width\" content=\"1400\" \/>\n\t<meta property=\"og:image:height\" content=\"1050\" \/>\n\t<meta property=\"og:image:type\" content=\"image\/jpeg\" \/>\n<meta name=\"twitter:card\" content=\"summary_large_image\" \/>\n<script type=\"application\/ld+json\" class=\"yoast-schema-graph\">{\"@context\":\"https:\/\/schema.org\",\"@graph\":[{\"@type\":\"WebPage\",\"@id\":\"https:\/\/teknopress.se\/en\/product\/contact-bridge\/\",\"url\":\"https:\/\/teknopress.se\/en\/product\/contact-bridge\/\",\"name\":\"Contact bridge - Teknopress\",\"isPartOf\":{\"@id\":\"https:\/\/teknopress.se\/en\/#website\"},\"primaryImageOfPage\":{\"@id\":\"https:\/\/teknopress.se\/en\/product\/contact-bridge\/#primaryimage\"},\"image\":{\"@id\":\"https:\/\/teknopress.se\/en\/product\/contact-bridge\/#primaryimage\"},\"thumbnailUrl\":\"https:\/\/teknopress.se\/wp-content\/uploads\/2022\/10\/18507052-Nas69.jpg\",\"datePublished\":\"2022-10-17T09:43:30+00:00\",\"breadcrumb\":{\"@id\":\"https:\/\/teknopress.se\/en\/product\/contact-bridge\/#breadcrumb\"},\"inLanguage\":\"en-US\",\"potentialAction\":[{\"@type\":\"ReadAction\",\"target\":[\"https:\/\/teknopress.se\/en\/product\/contact-bridge\/\"]}]},{\"@type\":\"ImageObject\",\"inLanguage\":\"en-US\",\"@id\":\"https:\/\/teknopress.se\/en\/product\/contact-bridge\/#primaryimage\",\"url\":\"https:\/\/teknopress.se\/wp-content\/uploads\/2022\/10\/18507052-Nas69.jpg\",\"contentUrl\":\"https:\/\/teknopress.se\/wp-content\/uploads\/2022\/10\/18507052-Nas69.jpg\",\"width\":1400,\"height\":1050},{\"@type\":\"BreadcrumbList\",\"@id\":\"https:\/\/teknopress.se\/en\/product\/contact-bridge\/#breadcrumb\",\"itemListElement\":[{\"@type\":\"ListItem\",\"position\":1,\"name\":\"Hem\",\"item\":\"https:\/\/teknopress.se\/en\/home\/\"},{\"@type\":\"ListItem\",\"position\":2,\"name\":\"Shop\",\"item\":\"https:\/\/teknopress.se\/en\/shop\/\"},{\"@type\":\"ListItem\",\"position\":3,\"name\":\"Contact bridge\"}]},{\"@type\":\"WebSite\",\"@id\":\"https:\/\/teknopress.se\/en\/#website\",\"url\":\"https:\/\/teknopress.se\/en\/\",\"name\":\"Teknopress\",\"description\":\"Din partner n\u00e4r det g\u00e4ller h\u00e4rdplast\",\"publisher\":{\"@id\":\"https:\/\/teknopress.se\/en\/#organization\"},\"potentialAction\":[{\"@type\":\"SearchAction\",\"target\":{\"@type\":\"EntryPoint\",\"urlTemplate\":\"https:\/\/teknopress.se\/en\/?s={search_term_string}\"},\"query-input\":{\"@type\":\"PropertyValueSpecification\",\"valueRequired\":true,\"valueName\":\"search_term_string\"}}],\"inLanguage\":\"en-US\"},{\"@type\":\"Organization\",\"@id\":\"https:\/\/teknopress.se\/en\/#organization\",\"name\":\"Teknopress AB\",\"url\":\"https:\/\/teknopress.se\/en\/\",\"logo\":{\"@type\":\"ImageObject\",\"inLanguage\":\"en-US\",\"@id\":\"https:\/\/teknopress.se\/en\/#\/schema\/logo\/image\/\",\"url\":\"https:\/\/teknopress.se\/wp-content\/uploads\/2022\/09\/teknopress-logo.png\",\"contentUrl\":\"https:\/\/teknopress.se\/wp-content\/uploads\/2022\/09\/teknopress-logo.png\",\"width\":1920,\"height\":335,\"caption\":\"Teknopress AB\"},\"image\":{\"@id\":\"https:\/\/teknopress.se\/en\/#\/schema\/logo\/image\/\"}}]}<\/script>\n<!-- \/ Yoast SEO plugin. -->","yoast_head_json":{"title":"Contact bridge - Teknopress","robots":{"index":"index","follow":"follow","max-snippet":"max-snippet:-1","max-image-preview":"max-image-preview:large","max-video-preview":"max-video-preview:-1"},"canonical":"https:\/\/teknopress.se\/en\/product\/contact-bridge\/","og_locale":"en_US","og_type":"article","og_title":"Contact bridge - Teknopress","og_description":"Dimensions: 180x160x35mm Weight: 220g Bridges that turn off and on the current in contactors from 95 to 270 amps, Manufacturing method: Injection molding","og_url":"https:\/\/teknopress.se\/en\/product\/contact-bridge\/","og_site_name":"Teknopress","og_image":[{"width":1400,"height":1050,"url":"https:\/\/teknopress.se\/wp-content\/uploads\/2022\/10\/18507052-Nas69.jpg","type":"image\/jpeg"}],"twitter_card":"summary_large_image","schema":{"@context":"https:\/\/schema.org","@graph":[{"@type":"WebPage","@id":"https:\/\/teknopress.se\/en\/product\/contact-bridge\/","url":"https:\/\/teknopress.se\/en\/product\/contact-bridge\/","name":"Contact bridge - Teknopress","isPartOf":{"@id":"https:\/\/teknopress.se\/en\/#website"},"primaryImageOfPage":{"@id":"https:\/\/teknopress.se\/en\/product\/contact-bridge\/#primaryimage"},"image":{"@id":"https:\/\/teknopress.se\/en\/product\/contact-bridge\/#primaryimage"},"thumbnailUrl":"https:\/\/teknopress.se\/wp-content\/uploads\/2022\/10\/18507052-Nas69.jpg","datePublished":"2022-10-17T09:43:30+00:00","breadcrumb":{"@id":"https:\/\/teknopress.se\/en\/product\/contact-bridge\/#breadcrumb"},"inLanguage":"en-US","potentialAction":[{"@type":"ReadAction","target":["https:\/\/teknopress.se\/en\/product\/contact-bridge\/"]}]},{"@type":"ImageObject","inLanguage":"en-US","@id":"https:\/\/teknopress.se\/en\/product\/contact-bridge\/#primaryimage","url":"https:\/\/teknopress.se\/wp-content\/uploads\/2022\/10\/18507052-Nas69.jpg","contentUrl":"https:\/\/teknopress.se\/wp-content\/uploads\/2022\/10\/18507052-Nas69.jpg","width":1400,"height":1050},{"@type":"BreadcrumbList","@id":"https:\/\/teknopress.se\/en\/product\/contact-bridge\/#breadcrumb","itemListElement":[{"@type":"ListItem","position":1,"name":"Hem","item":"https:\/\/teknopress.se\/en\/home\/"},{"@type":"ListItem","position":2,"name":"Shop","item":"https:\/\/teknopress.se\/en\/shop\/"},{"@type":"ListItem","position":3,"name":"Contact bridge"}]},{"@type":"WebSite","@id":"https:\/\/teknopress.se\/en\/#website","url":"https:\/\/teknopress.se\/en\/","name":"Teknopress","description":"Din partner n\u00e4r det g\u00e4ller h\u00e4rdplast","publisher":{"@id":"https:\/\/teknopress.se\/en\/#organization"},"potentialAction":[{"@type":"SearchAction","target":{"@type":"EntryPoint","urlTemplate":"https:\/\/teknopress.se\/en\/?s={search_term_string}"},"query-input":{"@type":"PropertyValueSpecification","valueRequired":true,"valueName":"search_term_string"}}],"inLanguage":"en-US"},{"@type":"Organization","@id":"https:\/\/teknopress.se\/en\/#organization","name":"Teknopress AB","url":"https:\/\/teknopress.se\/en\/","logo":{"@type":"ImageObject","inLanguage":"en-US","@id":"https:\/\/teknopress.se\/en\/#\/schema\/logo\/image\/","url":"https:\/\/teknopress.se\/wp-content\/uploads\/2022\/09\/teknopress-logo.png","contentUrl":"https:\/\/teknopress.se\/wp-content\/uploads\/2022\/09\/teknopress-logo.png","width":1920,"height":335,"caption":"Teknopress AB"},"image":{"@id":"https:\/\/teknopress.se\/en\/#\/schema\/logo\/image\/"}}]}},"_links":{"self":[{"href":"https:\/\/teknopress.se\/en\/wp-json\/wp\/v2\/product\/908","targetHints":{"allow":["GET"]}}],"collection":[{"href":"https:\/\/teknopress.se\/en\/wp-json\/wp\/v2\/product"}],"about":[{"href":"https:\/\/teknopress.se\/en\/wp-json\/wp\/v2\/types\/product"}],"wp:featuredmedia":[{"embeddable":true,"href":"https:\/\/teknopress.se\/en\/wp-json\/wp\/v2\/media\/832"}],"wp:attachment":[{"href":"https:\/\/teknopress.se\/en\/wp-json\/wp\/v2\/media?parent=908"}],"wp:term":[{"taxonomy":"product_brand","embeddable":true,"href":"https:\/\/teknopress.se\/en\/wp-json\/wp\/v2\/product_brand?post=908"},{"taxonomy":"product_cat","embeddable":true,"href":"https:\/\/teknopress.se\/en\/wp-json\/wp\/v2\/product_cat?post=908"},{"taxonomy":"product_tag","embeddable":true,"href":"https:\/\/teknopress.se\/en\/wp-json\/wp\/v2\/product_tag?post=908"}],"curies":[{"name":"wp","href":"https:\/\/api.w.org\/{rel}","templated":true}]}}